{"id":3885,"date":"2022-12-21T11:48:33","date_gmt":"2022-12-21T11:48:33","guid":{"rendered":"http:\/\/fr.rgnetic.com\/?page_id=3885"},"modified":"2025-11-22T06:59:44","modified_gmt":"2025-11-22T06:59:44","slug":"imprimer","status":"publish","type":"page","link":"https:\/\/rgnetic.com\/fr\/imprimer\/","title":{"rendered":"Imprimer"},"content":{"rendered":"\t\t<div data-elementor-type=\"wp-page\" data-elementor-id=\"3885\" class=\"elementor elementor-3885\" data-elementor-post-type=\"page\">\n\t\t\t\t\t\t<section class=\"elementor-section elementor-top-section elementor-element elementor-element-63998ab0 elementor-section-height-min-height elementor-section-boxed elementor-section-height-default elementor-section-items-middle\" data-id=\"63998ab0\" data-element_type=\"section\" data-settings=\"{&quot;background_background&quot;:&quot;classic&quot;,&quot;_ha_eqh_enable&quot;:false}\">\n\t\t\t\t\t\t\t<div class=\"elementor-background-overlay\"><\/div>\n\t\t\t\t\t\t\t<div class=\"elementor-container elementor-column-gap-no\">\n\t\t\t\t\t<div class=\"elementor-column elementor-col-100 elementor-top-column elementor-element elementor-element-66d4764d\" data-id=\"66d4764d\" data-element_type=\"column\">\n\t\t\t<div class=\"elementor-widget-wrap elementor-element-populated\">\n\t\t\t\t\t\t<div class=\"elementor-element elementor-element-19e75015 elementor-widget elementor-widget-heading\" data-id=\"19e75015\" data-element_type=\"widget\" data-widget_type=\"heading.default\">\n\t\t\t\t<div class=\"elementor-widget-container\">\n\t\t\t<style>\/*! elementor - v3.20.0 - 26-03-2024 *\/\n.elementor-heading-title{padding:0;margin:0;line-height:1}.elementor-widget-heading .elementor-heading-title[class*=elementor-size-]>a{color:inherit;font-size:inherit;line-height:inherit}.elementor-widget-heading .elementor-heading-title.elementor-size-small{font-size:15px}.elementor-widget-heading .elementor-heading-title.elementor-size-medium{font-size:19px}.elementor-widget-heading .elementor-heading-title.elementor-size-large{font-size:29px}.elementor-widget-heading .elementor-heading-title.elementor-size-xl{font-size:39px}.elementor-widget-heading .elementor-heading-title.elementor-size-xxl{font-size:59px}<\/style><h2 class=\"elementor-heading-title elementor-size-default\">Imprimer<\/h2>\t\t<\/div>\n\t\t\t\t<\/div>\n\t\t\t\t\t<\/div>\n\t\t<\/div>\n\t\t\t\t\t<\/div>\n\t\t<\/section>\n\t\t\t\t<section class=\"elementor-section elementor-top-section elementor-element elementor-element-fe0d11b elementor-section-boxed elementor-section-height-default elementor-section-height-default\" data-id=\"fe0d11b\" data-element_type=\"section\" data-settings=\"{&quot;_ha_eqh_enable&quot;:false}\">\n\t\t\t\t\t\t<div class=\"elementor-container elementor-column-gap-default\">\n\t\t\t\t\t<div class=\"elementor-column elementor-col-100 elementor-top-column elementor-element elementor-element-2de51900\" data-id=\"2de51900\" data-element_type=\"column\">\n\t\t\t<div class=\"elementor-widget-wrap elementor-element-populated\">\n\t\t\t\t\t\t<div class=\"elementor-element elementor-element-f4c1eb7 elementor-widget elementor-widget-text-editor\" data-id=\"f4c1eb7\" data-element_type=\"widget\" data-widget_type=\"text-editor.default\">\n\t\t\t\t<div class=\"elementor-widget-container\">\n\t\t\t<style>\/*! elementor - v3.20.0 - 26-03-2024 *\/\n.elementor-widget-text-editor.elementor-drop-cap-view-stacked .elementor-drop-cap{background-color:#69727d;color:#fff}.elementor-widget-text-editor.elementor-drop-cap-view-framed .elementor-drop-cap{color:#69727d;border:3px solid;background-color:transparent}.elementor-widget-text-editor:not(.elementor-drop-cap-view-default) .elementor-drop-cap{margin-top:8px}.elementor-widget-text-editor:not(.elementor-drop-cap-view-default) .elementor-drop-cap-letter{width:1em;height:1em}.elementor-widget-text-editor .elementor-drop-cap{float:left;text-align:center;line-height:1;font-size:50px}.elementor-widget-text-editor .elementor-drop-cap-letter{display:inline-block}<\/style>\t\t\t\t<h2><b>Mentions l\u00e9gales<\/b><\/h2><p class=\"p3\"><b>Exploitant du site et responsable du contenu conform\u00e9ment au \u00a7 5 TMG et au \u00a7 18 al. 2 MStV<\/b><b><\/b><\/p><p class=\"p3\"><b>RGNETIC Services<\/b><b><\/b><\/p><p class=\"p4\">une division de <span class=\"s2\"><b>Exwest GmbH<\/b><b><\/b><\/span><\/p><p class=\"p4\">K\u00f6nigsallee 92 a<\/p><p class=\"p4\">40212 D\u00fcsseldorf, Allemagne<\/p><p class=\"p3\"><span class=\"s3\">Email : <\/span><b>care@rgnetic.com<\/b><b><\/b><\/p><p class=\"p3\"><span class=\"s3\">Site web : <\/span><b>https:\/\/rgnetic.com\/<\/b><b><\/b><\/p><p class=\"p4\">\u2e3b<\/p><h2><b>Financement &amp; Paiement en Plusieurs Fois<\/b><\/h2><p class=\"p4\">Le financement et les paiements \u00e9chelonn\u00e9s de nos traitements sont enti\u00e8rement g\u00e9r\u00e9s par notre partenaire financier <span class=\"s2\"><b>MedCred<\/b><\/span>.<\/p><p class=\"p4\">Rgnetic ne r\u00e9alise aucune v\u00e9rification de cr\u00e9dit et n\u2019est pas le fournisseur du financement.<\/p><p class=\"p4\">\u2e3b<\/p><h2><b>Associ\u00e9s personnellement responsables<\/b><\/h2><p class=\"p3\"><b>Rgnetic \u2013 Tekin Aldemir<\/b><b><\/b><\/p><p class=\"p3\"><b>Exwest GmbH<\/b><b><\/b><\/p><p class=\"p4\">K\u00f6nigsallee 92 a<\/p><p class=\"p4\">40212 D\u00fcsseldorf, Allemagne<\/p><p class=\"p4\">\u2e3b<\/p><h2><b>Informations sur l\u2019entreprise \u2013 Exwest GmbH<\/b><\/h2><p class=\"p4\">Num\u00e9ro fiscal : <span class=\"s2\"><b>133\/5822\/3067<\/b><b><\/b><\/span><\/p><p class=\"p4\">N\u00b0 TVA intracommunautaire : <span class=\"s2\"><b>DE370220220<\/b><b><\/b><\/span><\/p><p class=\"p4\">Registre du commerce :<\/p><p class=\"p3\"><b>Tribunal d\u2019instance de D\u00fcsseldorf<\/b><b><\/b><\/p><p class=\"p3\"><span class=\"s3\">HRB <\/span><b>104648<\/b><b><\/b><\/p><p class=\"p3\"><span class=\"s3\">G\u00e9rant : <\/span><b>Tekin Aldemir<\/b><b><\/b><\/p><p class=\"p4\">T\u00e9l\u00e9phone \/ Mobile : <span class=\"s2\"><b>+49 152 08246201<\/b><b><\/b><\/span><\/p><p class=\"p3\"><span class=\"s3\">Email : <\/span><b>contact@exwest.de<\/b><b><\/b><\/p><p class=\"p4\">\u2e3b<\/p><h2><b>Tribunal d\u2019enregistrement<\/b><\/h2><p class=\"p4\">Tribunal d\u2019instance de D\u00fcsseldorf<\/p><p class=\"p4\">Registre du commerce de D\u00fcsseldorf<\/p><p class=\"p4\">\u2e3b<\/p><h2><b>Responsable du contenu (conform\u00e9ment au \u00a7 18 al. 2 MStV)<\/b><\/h2><p class=\"p3\"><b>Tekin Aldemir<\/b><b><\/b><\/p><p class=\"p4\">(Adresse identique)<\/p><p class=\"p4\">\u2e3b<\/p><h2><b>Droits d\u2019auteur<\/b><\/h2><p class=\"p4\">\u00a9 2003\u20132019 Shutterstock, Inc.<\/p><p class=\"p4\">Toutes les images et m\u00e9dias utilis\u00e9s sur ce site sont prot\u00e9g\u00e9s par des droits d\u2019auteur. Toute r\u00e9utilisation n\u00e9cessite une autorisation expresse.<\/p><p class=\"p4\">\u2e3b<\/p><h2><b>Avertissement l\u00e9gal<\/b><\/h2><p class=\"p3\"><b>1. Contenu de l\u2019offre en ligne<\/b><b><\/b><\/p><p class=\"p4\">L\u2019exploitant n\u2019assume aucune responsabilit\u00e9 pour l\u2019actualit\u00e9, l\u2019exactitude ou l\u2019exhaustivit\u00e9 des informations fournies. Toute r\u00e9clamation pour dommages mat\u00e9riels ou immat\u00e9riels r\u00e9sultant de l\u2019utilisation ou de la non-utilisation des informations ou de contenus incorrects ou incomplets est exclue, sauf en cas de faute intentionnelle ou de n\u00e9gligence grave.<\/p><p class=\"p4\">L\u2019exploitant se r\u00e9serve le droit de modifier, compl\u00e9ter ou supprimer tout ou partie du site sans pr\u00e9avis.<\/p><p class=\"p3\"><b>2. Liens externes<\/b><b><\/b><\/p><p class=\"p4\">Selon un jugement du 12 mai 1998 du tribunal r\u00e9gional de Hambourg, l\u2019exploitant d\u2019un site peut \u00eatre tenu responsable du contenu des pages li\u00e9es. Cette responsabilit\u00e9 ne peut \u00eatre exclue qu\u2019en se distan\u00e7ant express\u00e9ment de ces contenus.<\/p><p class=\"p4\">Pour tous les liens pr\u00e9sents sur ce site :<\/p><p class=\"p4\">L\u2019exploitant d\u00e9clare n\u2019exercer aucune influence sur le contenu ou la mise en page des sites li\u00e9s. Il se distancie donc express\u00e9ment de tout contenu li\u00e9 et ne s\u2019approprie pas ces contenus.<\/p><p class=\"p4\">La responsabilit\u00e9 pour les contenus ill\u00e9gaux, inexacts ou incomplets incombe uniquement au fournisseur des pages li\u00e9es.<\/p><p class=\"p4\">\u2e3b<\/p><h2><b>Paiement en Plusieurs Fois<\/b><\/h2><p class=\"p4\">Rgnetic, en collaboration avec notre partenaire financier <span class=\"s2\"><b>MedCred<\/b><\/span>, propose un mod\u00e8le de paiement \u00e9chelonn\u00e9 exclusif et simple.<\/p><p class=\"p4\">Le financement est disponible \u00e0 partir d\u2019un montant de facture de <span class=\"s2\"><b>1 000 \u20ac<\/b><\/span> \u2013 rapide, s\u00e9curis\u00e9 et enti\u00e8rement digital.<\/p><p class=\"p4\">Plus d\u2019informations sont disponibles directement aupr\u00e8s de MedCred.<\/p><p class=\"p4\">\u2e3b<\/p><h2><b>Contact<\/b><\/h2><p class=\"p4\">Des questions ?<\/p><p class=\"p3\"><span class=\"s3\">Email : <\/span><b>care@rgnetic.com<\/b><\/p>\t\t\t\t\t\t<\/div>\n\t\t\t\t<\/div>\n\t\t\t\t\t<\/div>\n\t\t<\/div>\n\t\t\t\t\t<\/div>\n\t\t<\/section>\n\t\t\t\t<\/div>\n\t\t","protected":false},"excerpt":{"rendered":"<p>Mentions l\u00e9gales Exploitant du site et responsable du contenu conform\u00e9ment au \u00a7 5 TMG et au \u00a7 18 al. 2 MStV RGNETIC Services une division de Exwest GmbH K\u00f6nigsallee 92 a 40212 D\u00fcsseldorf, Allemagne Email : care@rgnetic.com Site web : https:\/\/rgnetic.com\/ \u2e3b Financement &amp; Paiement en Plusieurs Fois Le financement et les paiements \u00e9chelonn\u00e9s de [&hellip;]<\/p>\n","protected":false},"author":2,"featured_media":0,"parent":0,"menu_order":0,"comment_status":"closed","ping_status":"closed","template":"","meta":{"_acf_changed":false,"footnotes":""},"class_list":["post-3885","page","type-page","status-publish","hentry"],"acf":[],"yoast_head":"<!-- This site is optimized with the Yoast SEO plugin v22.3 - https:\/\/yoast.com\/wordpress\/plugins\/seo\/ -->\n<title>Imprimer - Rgnetic (FR)<\/title>\n<meta name=\"robots\" content=\"index, follow, max-snippet:-1, max-image-preview:large, max-video-preview:-1\" \/>\n<link rel=\"canonical\" href=\"https:\/\/rgnetic.com\/fr\/imprimer\/\" \/>\n<meta property=\"og:locale\" content=\"en_US\" \/>\n<meta property=\"og:type\" content=\"article\" \/>\n<meta property=\"og:title\" content=\"Imprimer - Rgnetic (FR)\" \/>\n<meta property=\"og:description\" content=\"Mentions l\u00e9gales Exploitant du site et responsable du contenu conform\u00e9ment au \u00a7 5 TMG et au \u00a7 18 al. 2 MStV RGNETIC Services une division de Exwest GmbH K\u00f6nigsallee 92 a 40212 D\u00fcsseldorf, Allemagne Email : care@rgnetic.com Site web : https:\/\/rgnetic.com\/ \u2e3b Financement &amp; Paiement en Plusieurs Fois Le financement et les paiements \u00e9chelonn\u00e9s de [&hellip;]\" \/>\n<meta property=\"og:url\" content=\"https:\/\/rgnetic.com\/fr\/imprimer\/\" \/>\n<meta property=\"og:site_name\" content=\"Rgnetic (FR)\" \/>\n<meta property=\"article:modified_time\" content=\"2025-11-22T06:59:44+00:00\" \/>\n<meta name=\"twitter:card\" content=\"summary_large_image\" \/>\n<meta name=\"twitter:label1\" content=\"Est. reading time\" \/>\n\t<meta name=\"twitter:data1\" content=\"2 minutes\" \/>\n<script type=\"application\/ld+json\" class=\"yoast-schema-graph\">{\"@context\":\"https:\/\/schema.org\",\"@graph\":[{\"@type\":\"WebPage\",\"@id\":\"https:\/\/rgnetic.com\/fr\/imprimer\/\",\"url\":\"https:\/\/rgnetic.com\/fr\/imprimer\/\",\"name\":\"Imprimer - Rgnetic (FR)\",\"isPartOf\":{\"@id\":\"https:\/\/rgnetic.com\/fr\/#website\"},\"datePublished\":\"2022-12-21T11:48:33+00:00\",\"dateModified\":\"2025-11-22T06:59:44+00:00\",\"breadcrumb\":{\"@id\":\"https:\/\/rgnetic.com\/fr\/imprimer\/#breadcrumb\"},\"inLanguage\":\"en-US\",\"potentialAction\":[{\"@type\":\"ReadAction\",\"target\":[\"https:\/\/rgnetic.com\/fr\/imprimer\/\"]}]},{\"@type\":\"BreadcrumbList\",\"@id\":\"https:\/\/rgnetic.com\/fr\/imprimer\/#breadcrumb\",\"itemListElement\":[{\"@type\":\"ListItem\",\"position\":1,\"name\":\"Home\",\"item\":\"https:\/\/rgnetic.com\/fr\/\"},{\"@type\":\"ListItem\",\"position\":2,\"name\":\"Imprimer\"}]},{\"@type\":\"WebSite\",\"@id\":\"https:\/\/rgnetic.com\/fr\/#website\",\"url\":\"https:\/\/rgnetic.com\/fr\/\",\"name\":\"Rgnetic (FR)\",\"description\":\"Healthy &amp; Beauty\",\"publisher\":{\"@id\":\"https:\/\/rgnetic.com\/fr\/#organization\"},\"potentialAction\":[{\"@type\":\"SearchAction\",\"target\":{\"@type\":\"EntryPoint\",\"urlTemplate\":\"https:\/\/rgnetic.com\/fr\/?s={search_term_string}\"},\"query-input\":\"required name=search_term_string\"}],\"inLanguage\":\"en-US\"},{\"@type\":\"Organization\",\"@id\":\"https:\/\/rgnetic.com\/fr\/#organization\",\"name\":\"Rgnetic (FR)\",\"url\":\"https:\/\/rgnetic.com\/fr\/\",\"logo\":{\"@type\":\"ImageObject\",\"inLanguage\":\"en-US\",\"@id\":\"https:\/\/rgnetic.com\/fr\/#\/schema\/logo\/image\/\",\"url\":\"https:\/\/rgnetic.com\/fr\/wp-content\/uploads\/sites\/4\/2022\/10\/logo.png\",\"contentUrl\":\"https:\/\/rgnetic.com\/fr\/wp-content\/uploads\/sites\/4\/2022\/10\/logo.png\",\"width\":552,\"height\":202,\"caption\":\"Rgnetic (FR)\"},\"image\":{\"@id\":\"https:\/\/rgnetic.com\/fr\/#\/schema\/logo\/image\/\"}}]}<\/script>\n<!-- \/ Yoast SEO plugin. -->","yoast_head_json":{"title":"Imprimer - Rgnetic (FR)","robots":{"index":"index","follow":"follow","max-snippet":"max-snippet:-1","max-image-preview":"max-image-preview:large","max-video-preview":"max-video-preview:-1"},"canonical":"https:\/\/rgnetic.com\/fr\/imprimer\/","og_locale":"en_US","og_type":"article","og_title":"Imprimer - Rgnetic (FR)","og_description":"Mentions l\u00e9gales Exploitant du site et responsable du contenu conform\u00e9ment au \u00a7 5 TMG et au \u00a7 18 al. 2 MStV RGNETIC Services une division de Exwest GmbH K\u00f6nigsallee 92 a 40212 D\u00fcsseldorf, Allemagne Email : care@rgnetic.com Site web : https:\/\/rgnetic.com\/ \u2e3b Financement &amp; Paiement en Plusieurs Fois Le financement et les paiements \u00e9chelonn\u00e9s de [&hellip;]","og_url":"https:\/\/rgnetic.com\/fr\/imprimer\/","og_site_name":"Rgnetic (FR)","article_modified_time":"2025-11-22T06:59:44+00:00","twitter_card":"summary_large_image","twitter_misc":{"Est. reading time":"2 minutes"},"schema":{"@context":"https:\/\/schema.org","@graph":[{"@type":"WebPage","@id":"https:\/\/rgnetic.com\/fr\/imprimer\/","url":"https:\/\/rgnetic.com\/fr\/imprimer\/","name":"Imprimer - Rgnetic (FR)","isPartOf":{"@id":"https:\/\/rgnetic.com\/fr\/#website"},"datePublished":"2022-12-21T11:48:33+00:00","dateModified":"2025-11-22T06:59:44+00:00","breadcrumb":{"@id":"https:\/\/rgnetic.com\/fr\/imprimer\/#breadcrumb"},"inLanguage":"en-US","potentialAction":[{"@type":"ReadAction","target":["https:\/\/rgnetic.com\/fr\/imprimer\/"]}]},{"@type":"BreadcrumbList","@id":"https:\/\/rgnetic.com\/fr\/imprimer\/#breadcrumb","itemListElement":[{"@type":"ListItem","position":1,"name":"Home","item":"https:\/\/rgnetic.com\/fr\/"},{"@type":"ListItem","position":2,"name":"Imprimer"}]},{"@type":"WebSite","@id":"https:\/\/rgnetic.com\/fr\/#website","url":"https:\/\/rgnetic.com\/fr\/","name":"Rgnetic (FR)","description":"Healthy &amp; Beauty","publisher":{"@id":"https:\/\/rgnetic.com\/fr\/#organization"},"potentialAction":[{"@type":"SearchAction","target":{"@type":"EntryPoint","urlTemplate":"https:\/\/rgnetic.com\/fr\/?s={search_term_string}"},"query-input":"required name=search_term_string"}],"inLanguage":"en-US"},{"@type":"Organization","@id":"https:\/\/rgnetic.com\/fr\/#organization","name":"Rgnetic (FR)","url":"https:\/\/rgnetic.com\/fr\/","logo":{"@type":"ImageObject","inLanguage":"en-US","@id":"https:\/\/rgnetic.com\/fr\/#\/schema\/logo\/image\/","url":"https:\/\/rgnetic.com\/fr\/wp-content\/uploads\/sites\/4\/2022\/10\/logo.png","contentUrl":"https:\/\/rgnetic.com\/fr\/wp-content\/uploads\/sites\/4\/2022\/10\/logo.png","width":552,"height":202,"caption":"Rgnetic (FR)"},"image":{"@id":"https:\/\/rgnetic.com\/fr\/#\/schema\/logo\/image\/"}}]}},"_links":{"self":[{"href":"https:\/\/rgnetic.com\/fr\/wp-json\/wp\/v2\/pages\/3885","targetHints":{"allow":["GET"]}}],"collection":[{"href":"https:\/\/rgnetic.com\/fr\/wp-json\/wp\/v2\/pages"}],"about":[{"href":"https:\/\/rgnetic.com\/fr\/wp-json\/wp\/v2\/types\/page"}],"author":[{"embeddable":true,"href":"https:\/\/rgnetic.com\/fr\/wp-json\/wp\/v2\/users\/2"}],"replies":[{"embeddable":true,"href":"https:\/\/rgnetic.com\/fr\/wp-json\/wp\/v2\/comments?post=3885"}],"version-history":[{"count":10,"href":"https:\/\/rgnetic.com\/fr\/wp-json\/wp\/v2\/pages\/3885\/revisions"}],"predecessor-version":[{"id":4449,"href":"https:\/\/rgnetic.com\/fr\/wp-json\/wp\/v2\/pages\/3885\/revisions\/4449"}],"wp:attachment":[{"href":"https:\/\/rgnetic.com\/fr\/wp-json\/wp\/v2\/media?parent=3885"}],"curies":[{"name":"wp","href":"https:\/\/api.w.org\/{rel}","templated":true}]}}