{"id":3863,"date":"2022-12-21T11:16:58","date_gmt":"2022-12-21T11:16:58","guid":{"rendered":"http:\/\/fr.rgnetic.com\/?page_id=3863"},"modified":"2025-11-22T07:18:10","modified_gmt":"2025-11-22T07:18:10","slug":"conditions-generales","status":"publish","type":"page","link":"https:\/\/rgnetic.com\/fr\/conditions-generales\/","title":{"rendered":"Conditions g\u00e9n\u00e9rales"},"content":{"rendered":"\t\t<div data-elementor-type=\"wp-page\" data-elementor-id=\"3863\" class=\"elementor elementor-3863\" data-elementor-post-type=\"page\">\n\t\t\t\t\t\t<section class=\"elementor-section elementor-top-section elementor-element elementor-element-320f3209 elementor-section-height-min-height elementor-section-boxed elementor-section-height-default elementor-section-items-middle\" data-id=\"320f3209\" data-element_type=\"section\" data-settings=\"{&quot;background_background&quot;:&quot;classic&quot;,&quot;_ha_eqh_enable&quot;:false}\">\n\t\t\t\t\t\t\t<div class=\"elementor-background-overlay\"><\/div>\n\t\t\t\t\t\t\t<div class=\"elementor-container elementor-column-gap-no\">\n\t\t\t\t\t<div class=\"elementor-column elementor-col-100 elementor-top-column elementor-element elementor-element-232a6ced\" data-id=\"232a6ced\" data-element_type=\"column\">\n\t\t\t<div class=\"elementor-widget-wrap elementor-element-populated\">\n\t\t\t\t\t\t<div class=\"elementor-element elementor-element-2fc5db61 elementor-widget elementor-widget-heading\" data-id=\"2fc5db61\" data-element_type=\"widget\" data-widget_type=\"heading.default\">\n\t\t\t\t<div class=\"elementor-widget-container\">\n\t\t\t<style>\/*! elementor - v3.20.0 - 26-03-2024 *\/\n.elementor-heading-title{padding:0;margin:0;line-height:1}.elementor-widget-heading .elementor-heading-title[class*=elementor-size-]>a{color:inherit;font-size:inherit;line-height:inherit}.elementor-widget-heading .elementor-heading-title.elementor-size-small{font-size:15px}.elementor-widget-heading .elementor-heading-title.elementor-size-medium{font-size:19px}.elementor-widget-heading .elementor-heading-title.elementor-size-large{font-size:29px}.elementor-widget-heading .elementor-heading-title.elementor-size-xl{font-size:39px}.elementor-widget-heading .elementor-heading-title.elementor-size-xxl{font-size:59px}<\/style><h2 class=\"elementor-heading-title elementor-size-default\">Conditions g\u00e9n\u00e9rales<\/h2>\t\t<\/div>\n\t\t\t\t<\/div>\n\t\t\t\t\t<\/div>\n\t\t<\/div>\n\t\t\t\t\t<\/div>\n\t\t<\/section>\n\t\t\t\t<section class=\"elementor-section elementor-top-section elementor-element elementor-element-ff37ab elementor-section-boxed elementor-section-height-default elementor-section-height-default\" data-id=\"ff37ab\" data-element_type=\"section\" data-settings=\"{&quot;_ha_eqh_enable&quot;:false}\">\n\t\t\t\t\t\t<div class=\"elementor-container elementor-column-gap-default\">\n\t\t\t\t\t<div class=\"elementor-column elementor-col-100 elementor-top-column elementor-element elementor-element-2f64b3c9\" data-id=\"2f64b3c9\" data-element_type=\"column\">\n\t\t\t<div class=\"elementor-widget-wrap elementor-element-populated\">\n\t\t\t\t\t\t<div class=\"elementor-element elementor-element-28f77cbc elementor-widget elementor-widget-text-editor\" data-id=\"28f77cbc\" data-element_type=\"widget\" data-widget_type=\"text-editor.default\">\n\t\t\t\t<div class=\"elementor-widget-container\">\n\t\t\t<style>\/*! elementor - v3.20.0 - 26-03-2024 *\/\n.elementor-widget-text-editor.elementor-drop-cap-view-stacked .elementor-drop-cap{background-color:#69727d;color:#fff}.elementor-widget-text-editor.elementor-drop-cap-view-framed .elementor-drop-cap{color:#69727d;border:3px solid;background-color:transparent}.elementor-widget-text-editor:not(.elementor-drop-cap-view-default) .elementor-drop-cap{margin-top:8px}.elementor-widget-text-editor:not(.elementor-drop-cap-view-default) .elementor-drop-cap-letter{width:1em;height:1em}.elementor-widget-text-editor .elementor-drop-cap{float:left;text-align:center;line-height:1;font-size:50px}.elementor-widget-text-editor .elementor-drop-cap-letter{display:inline-block}<\/style>\t\t\t\t<p class=\"p1\"><span class=\"s1\"><\/span><\/p><h1><b>Conditions g\u00e9n\u00e9rales d\u2019utilisation du site Web et des services RGNETIC<\/b><\/h1><p><\/p><p class=\"p2\"><br><\/p><p class=\"p3\"><b>Derni\u00e8re mise \u00e0 jour : 20 novembre 2025<\/b><b><\/b><\/p><p class=\"p2\"><br><\/p><p class=\"p4\">RGNETIC est une division de services de <span class=\"s2\"><b>Exwest GmbH<\/b><\/span>, K\u00f6nigsallee 92a, 40212 D\u00fcsseldorf, Allemagne.<\/p><p class=\"p2\"><br><\/p><p class=\"p4\">En utilisant notre site Web ou nos services, vous acceptez ces conditions g\u00e9n\u00e9rales.<\/p><p class=\"p1\"><span class=\"s1\"><\/span><\/p><hr><p><\/p><p class=\"p1\"><span class=\"s1\"><\/span><\/p><h2><b>1. Port\u00e9e des services<\/b><\/h2><p><\/p><p class=\"p2\"><br><\/p><p class=\"p4\">RGNETIC offre des services d\u2019organisation et d\u2019assistance, notamment :<\/p><p class=\"p1\"><span class=\"s1\"><\/span><\/p><ul><li>\n<p class=\"p1\">coordination de rendez-vous m\u00e9dicaux<\/p>\n<\/li><li>\n<p class=\"p1\">pr\u00e9paration des proc\u00e9dures de traitement<\/p>\n<\/li><li>\n<p class=\"p1\">assistance pour le voyage et l\u2019organisation avec la clinique<\/p>\n<\/li><li>\n<p class=\"p1\">coordination de services suppl\u00e9mentaires (h\u00f4tel, transfert, etc.)<\/p>\n<\/li><\/ul><p><\/p><p class=\"p2\"><br><\/p><p class=\"p3\"><b>RGNETIC n\u2019est ni un prestataire m\u00e9dical ni un organisateur de voyages.<\/b><b><\/b><\/p><p class=\"p2\"><br><\/p><p class=\"p4\">Chaque prestation r\u00e9serv\u00e9e cr\u00e9e un contrat <span class=\"s2\"><b>direct<\/b><\/span> entre le client et le prestataire externe.<\/p><p class=\"p1\"><span class=\"s1\"><\/span><\/p><hr><p><\/p><p class=\"p1\"><span class=\"s1\"><\/span><\/p><h2><b>2. Financement &amp; Paiement en plusieurs fois<\/b><\/h2><p><\/p><p class=\"p2\"><br><\/p><p class=\"p3\"><span class=\"s3\">Les paiements \u00e9chelonn\u00e9s sont g\u00e9r\u00e9s <\/span><b>uniquement par notre partenaire financier MedCred<\/b><span class=\"s3\">.<\/span><\/p><p class=\"p2\"><br><\/p><p class=\"p4\">RGNETIC :<\/p><p class=\"p1\"><span class=\"s1\"><\/span><\/p><ul><li>\n<p class=\"p1\">ne r\u00e9alise aucune v\u00e9rification de cr\u00e9dit<\/p>\n<\/li><li>\n<p class=\"p1\">ne fournit aucun financement propre<\/p>\n<\/li><li>\n<p class=\"p1\">n\u2019est pas partie contractante des accords financiers<\/p>\n<\/li><\/ul><p><\/p><p class=\"p1\"><span class=\"s1\"><\/span><\/p><hr><p><\/p><p class=\"p1\"><span class=\"s1\"><\/span><\/p><h2><b>3. R\u00e9servation des rendez-vous<\/b><\/h2><p><\/p><p class=\"p2\"><br><\/p><p class=\"p4\">Une r\u00e9servation ferme n\u00e9cessite un acompte pay\u00e9 dans un d\u00e9lai de <span class=\"s2\"><b>7 jours<\/b><\/span>.<\/p><p class=\"p2\"><br><\/p><p class=\"p4\">L\u2019acompte est d\u00e9duit du prix total du traitement.<\/p><p class=\"p2\"><br><\/p><p class=\"p4\">Le solde est r\u00e9gl\u00e9 sur place (carte, esp\u00e8ces ou financement).<\/p><p class=\"p1\"><span class=\"s1\"><\/span><\/p><hr><p><\/p><p class=\"p1\"><span class=\"s1\"><\/span><\/p><h2><b>4. Conclusion du contrat<\/b><\/h2><p><\/p><p class=\"p2\"><br><\/p><p class=\"p4\">Le contrat est conclu apr\u00e8s <span class=\"s2\"><b>confirmation \u00e9crite<\/b><\/span> par RGNETIC.<\/p><p class=\"p1\"><span class=\"s1\"><\/span><\/p><hr><p><\/p><p class=\"p1\"><span class=\"s1\"><\/span><\/p><h2><b>5. Annulation &amp; Modification<\/b><\/h2><p><\/p><p class=\"p2\"><br><\/p><p class=\"p4\">Toute annulation doit \u00eatre effectu\u00e9e <span class=\"s2\"><b>par \u00e9crit<\/b><\/span>.<\/p><p class=\"p1\"><span class=\"s1\"><\/span><\/p><ul><li>\n<p class=\"p1\">des frais jusqu\u2019\u00e0 <span class=\"s1\"><b>800 \u20ac<\/b><\/span> peuvent \u00eatre appliqu\u00e9s<\/p>\n<\/li><li>\n<p class=\"p1\">un report de date permet d\u2019utiliser l\u2019acompte d\u00e9j\u00e0 vers\u00e9<\/p>\n<\/li><li>\n<p class=\"p1\">une annulation gratuite n\u00e9cessite un justificatif valide<\/p>\n<\/li><\/ul><p><\/p><p class=\"p2\"><br><\/p><p class=\"p4\">Les conditions des prestataires externes restent applicables.<\/p><p class=\"p1\"><span class=\"s1\"><\/span><\/p><hr><p><\/p><p class=\"p1\"><span class=\"s1\"><\/span><\/p><h2><b>6. Responsabilit\u00e9<\/b><\/h2><p><\/p><p class=\"p2\"><br><\/p><p class=\"p4\">RGNETIC est responsable uniquement de la s\u00e9lection correcte des prestataires et de ses obligations d\u2019organisation.<\/p><p class=\"p2\"><br><\/p><p class=\"p3\"><span class=\"s3\">RGNETIC <\/span><b>n\u2019est pas responsable<\/b><span class=\"s3\"> :<\/span><\/p><p class=\"p1\"><span class=\"s1\"><\/span><\/p><ul><li>\n<p class=\"p1\">des actes m\u00e9dicaux ou erreurs de traitement<\/p>\n<\/li><li>\n<p class=\"p1\">des manquements des prestataires externes<\/p>\n<\/li><li>\n<p class=\"p1\">des retards, annulations ou d\u00e9fauts caus\u00e9s par des tiers<\/p>\n<\/li><\/ul><p><\/p><p class=\"p1\"><span class=\"s1\"><\/span><\/p><hr><p><\/p><p class=\"p1\"><span class=\"s1\"><\/span><\/p><h2><b>7. Conditions de paiement<\/b><\/h2><p><\/p><p class=\"p2\"><br><\/p><p class=\"p4\">Acompte : <span class=\"s2\"><b>20\u201330 %<\/b><b><\/b><\/span><\/p><p class=\"p4\">Solde : <span class=\"s2\"><b>14 jours<\/b><\/span> avant le d\u00e9part<\/p><p class=\"p4\">R\u00e9servations tardives : paiement total imm\u00e9diat<\/p><p class=\"p1\"><span class=\"s1\"><\/span><\/p><hr><p><\/p><p class=\"p1\"><span class=\"s1\"><\/span><\/p><h2><b>8. Protection des donn\u00e9es<\/b><\/h2><p><\/p><p class=\"p2\"><br><\/p><p class=\"p4\">Les donn\u00e9es sont utilis\u00e9es pour :<\/p><p class=\"p1\"><span class=\"s1\"><\/span><\/p><ul><li>\n<p class=\"p1\">l\u2019organisation<\/p>\n<\/li><li>\n<p class=\"p1\">la communication<\/p>\n<\/li><li>\n<p class=\"p1\">l\u2019assistance<\/p>\n<\/li><li>\n<p class=\"p1\">des informations concernant des services similaires<\/p>\n<\/li><\/ul><p><\/p><p class=\"p2\"><br><\/p><p class=\"p4\">Vous pouvez retirer votre consentement \u00e0 tout moment.<\/p><p class=\"p1\"><span class=\"s1\"><\/span><\/p><hr><p><\/p><p class=\"p1\"><span class=\"s1\"><\/span><\/p><h2><b>9. Clause de sauvegarde<\/b><\/h2><p><\/p><p class=\"p2\"><br><\/p><p class=\"p4\">Les clauses invalides sont remplac\u00e9es par des dispositions \u00e9quivalentes valides.<\/p><p class=\"p1\"><span class=\"s1\"><\/span><\/p><p>\n\n\n\n\n\n\n\n\n\n\n\n\n\n\n\n\n\n\n\n\n\n\n\n\n\n\n\n\n\n\n\n\n\n\n\n\n\n\n\n\n\n\n\n\n\n\n\n\n\n\n\n\n\n\n\n\n\n\n\n\n\n\n\n\n\n\n\n\n\n\n\n\n\n<\/p><p><\/p><hr>\t\t\t\t\t\t<\/div>\n\t\t\t\t<\/div>\n\t\t\t\t\t<\/div>\n\t\t<\/div>\n\t\t\t\t\t<\/div>\n\t\t<\/section>\n\t\t\t\t<\/div>\n\t\t","protected":false},"excerpt":{"rendered":"<p>Conditions g\u00e9n\u00e9rales Conditions g\u00e9n\u00e9rales d\u2019utilisation du site Web et des services RGNETIC Derni\u00e8re mise \u00e0 jour : 20 novembre 2025 RGNETIC est une division de services de Exwest GmbH, K\u00f6nigsallee 92a, 40212 D\u00fcsseldorf, Allemagne. En utilisant notre site Web ou nos services, vous acceptez ces conditions g\u00e9n\u00e9rales. 1. Port\u00e9e des services RGNETIC offre des services [&hellip;]<\/p>\n","protected":false},"author":2,"featured_media":0,"parent":0,"menu_order":0,"comment_status":"closed","ping_status":"closed","template":"","meta":{"_acf_changed":false,"footnotes":""},"class_list":["post-3863","page","type-page","status-publish","hentry"],"acf":[],"yoast_head":"<!-- This site is optimized with the Yoast SEO plugin v22.3 - https:\/\/yoast.com\/wordpress\/plugins\/seo\/ -->\n<title>Conditions g\u00e9n\u00e9rales - Rgnetic (FR)<\/title>\n<meta name=\"robots\" content=\"index, follow, max-snippet:-1, max-image-preview:large, max-video-preview:-1\" \/>\n<link rel=\"canonical\" href=\"https:\/\/rgnetic.com\/fr\/conditions-generales\/\" \/>\n<meta property=\"og:locale\" content=\"en_US\" \/>\n<meta property=\"og:type\" content=\"article\" \/>\n<meta property=\"og:title\" content=\"Conditions g\u00e9n\u00e9rales - Rgnetic (FR)\" \/>\n<meta property=\"og:description\" content=\"Conditions g\u00e9n\u00e9rales Conditions g\u00e9n\u00e9rales d\u2019utilisation du site Web et des services RGNETIC Derni\u00e8re mise \u00e0 jour : 20 novembre 2025 RGNETIC est une division de services de Exwest GmbH, K\u00f6nigsallee 92a, 40212 D\u00fcsseldorf, Allemagne. En utilisant notre site Web ou nos services, vous acceptez ces conditions g\u00e9n\u00e9rales. 1. Port\u00e9e des services RGNETIC offre des services [&hellip;]\" \/>\n<meta property=\"og:url\" content=\"https:\/\/rgnetic.com\/fr\/conditions-generales\/\" \/>\n<meta property=\"og:site_name\" content=\"Rgnetic (FR)\" \/>\n<meta property=\"article:modified_time\" content=\"2025-11-22T07:18:10+00:00\" \/>\n<meta name=\"twitter:card\" content=\"summary_large_image\" \/>\n<meta name=\"twitter:label1\" content=\"Est. reading time\" \/>\n\t<meta name=\"twitter:data1\" content=\"2 minutes\" \/>\n<script type=\"application\/ld+json\" class=\"yoast-schema-graph\">{\"@context\":\"https:\/\/schema.org\",\"@graph\":[{\"@type\":\"WebPage\",\"@id\":\"https:\/\/rgnetic.com\/fr\/conditions-generales\/\",\"url\":\"https:\/\/rgnetic.com\/fr\/conditions-generales\/\",\"name\":\"Conditions g\u00e9n\u00e9rales - Rgnetic (FR)\",\"isPartOf\":{\"@id\":\"https:\/\/rgnetic.com\/fr\/#website\"},\"datePublished\":\"2022-12-21T11:16:58+00:00\",\"dateModified\":\"2025-11-22T07:18:10+00:00\",\"breadcrumb\":{\"@id\":\"https:\/\/rgnetic.com\/fr\/conditions-generales\/#breadcrumb\"},\"inLanguage\":\"en-US\",\"potentialAction\":[{\"@type\":\"ReadAction\",\"target\":[\"https:\/\/rgnetic.com\/fr\/conditions-generales\/\"]}]},{\"@type\":\"BreadcrumbList\",\"@id\":\"https:\/\/rgnetic.com\/fr\/conditions-generales\/#breadcrumb\",\"itemListElement\":[{\"@type\":\"ListItem\",\"position\":1,\"name\":\"Home\",\"item\":\"https:\/\/rgnetic.com\/fr\/\"},{\"@type\":\"ListItem\",\"position\":2,\"name\":\"Conditions g\u00e9n\u00e9rales\"}]},{\"@type\":\"WebSite\",\"@id\":\"https:\/\/rgnetic.com\/fr\/#website\",\"url\":\"https:\/\/rgnetic.com\/fr\/\",\"name\":\"Rgnetic (FR)\",\"description\":\"Healthy &amp; Beauty\",\"publisher\":{\"@id\":\"https:\/\/rgnetic.com\/fr\/#organization\"},\"potentialAction\":[{\"@type\":\"SearchAction\",\"target\":{\"@type\":\"EntryPoint\",\"urlTemplate\":\"https:\/\/rgnetic.com\/fr\/?s={search_term_string}\"},\"query-input\":\"required name=search_term_string\"}],\"inLanguage\":\"en-US\"},{\"@type\":\"Organization\",\"@id\":\"https:\/\/rgnetic.com\/fr\/#organization\",\"name\":\"Rgnetic (FR)\",\"url\":\"https:\/\/rgnetic.com\/fr\/\",\"logo\":{\"@type\":\"ImageObject\",\"inLanguage\":\"en-US\",\"@id\":\"https:\/\/rgnetic.com\/fr\/#\/schema\/logo\/image\/\",\"url\":\"https:\/\/rgnetic.com\/fr\/wp-content\/uploads\/sites\/4\/2022\/10\/logo.png\",\"contentUrl\":\"https:\/\/rgnetic.com\/fr\/wp-content\/uploads\/sites\/4\/2022\/10\/logo.png\",\"width\":552,\"height\":202,\"caption\":\"Rgnetic (FR)\"},\"image\":{\"@id\":\"https:\/\/rgnetic.com\/fr\/#\/schema\/logo\/image\/\"}}]}<\/script>\n<!-- \/ Yoast SEO plugin. -->","yoast_head_json":{"title":"Conditions g\u00e9n\u00e9rales - Rgnetic (FR)","robots":{"index":"index","follow":"follow","max-snippet":"max-snippet:-1","max-image-preview":"max-image-preview:large","max-video-preview":"max-video-preview:-1"},"canonical":"https:\/\/rgnetic.com\/fr\/conditions-generales\/","og_locale":"en_US","og_type":"article","og_title":"Conditions g\u00e9n\u00e9rales - Rgnetic (FR)","og_description":"Conditions g\u00e9n\u00e9rales Conditions g\u00e9n\u00e9rales d\u2019utilisation du site Web et des services RGNETIC Derni\u00e8re mise \u00e0 jour : 20 novembre 2025 RGNETIC est une division de services de Exwest GmbH, K\u00f6nigsallee 92a, 40212 D\u00fcsseldorf, Allemagne. En utilisant notre site Web ou nos services, vous acceptez ces conditions g\u00e9n\u00e9rales. 1. Port\u00e9e des services RGNETIC offre des services [&hellip;]","og_url":"https:\/\/rgnetic.com\/fr\/conditions-generales\/","og_site_name":"Rgnetic (FR)","article_modified_time":"2025-11-22T07:18:10+00:00","twitter_card":"summary_large_image","twitter_misc":{"Est. reading time":"2 minutes"},"schema":{"@context":"https:\/\/schema.org","@graph":[{"@type":"WebPage","@id":"https:\/\/rgnetic.com\/fr\/conditions-generales\/","url":"https:\/\/rgnetic.com\/fr\/conditions-generales\/","name":"Conditions g\u00e9n\u00e9rales - Rgnetic (FR)","isPartOf":{"@id":"https:\/\/rgnetic.com\/fr\/#website"},"datePublished":"2022-12-21T11:16:58+00:00","dateModified":"2025-11-22T07:18:10+00:00","breadcrumb":{"@id":"https:\/\/rgnetic.com\/fr\/conditions-generales\/#breadcrumb"},"inLanguage":"en-US","potentialAction":[{"@type":"ReadAction","target":["https:\/\/rgnetic.com\/fr\/conditions-generales\/"]}]},{"@type":"BreadcrumbList","@id":"https:\/\/rgnetic.com\/fr\/conditions-generales\/#breadcrumb","itemListElement":[{"@type":"ListItem","position":1,"name":"Home","item":"https:\/\/rgnetic.com\/fr\/"},{"@type":"ListItem","position":2,"name":"Conditions g\u00e9n\u00e9rales"}]},{"@type":"WebSite","@id":"https:\/\/rgnetic.com\/fr\/#website","url":"https:\/\/rgnetic.com\/fr\/","name":"Rgnetic (FR)","description":"Healthy &amp; Beauty","publisher":{"@id":"https:\/\/rgnetic.com\/fr\/#organization"},"potentialAction":[{"@type":"SearchAction","target":{"@type":"EntryPoint","urlTemplate":"https:\/\/rgnetic.com\/fr\/?s={search_term_string}"},"query-input":"required name=search_term_string"}],"inLanguage":"en-US"},{"@type":"Organization","@id":"https:\/\/rgnetic.com\/fr\/#organization","name":"Rgnetic (FR)","url":"https:\/\/rgnetic.com\/fr\/","logo":{"@type":"ImageObject","inLanguage":"en-US","@id":"https:\/\/rgnetic.com\/fr\/#\/schema\/logo\/image\/","url":"https:\/\/rgnetic.com\/fr\/wp-content\/uploads\/sites\/4\/2022\/10\/logo.png","contentUrl":"https:\/\/rgnetic.com\/fr\/wp-content\/uploads\/sites\/4\/2022\/10\/logo.png","width":552,"height":202,"caption":"Rgnetic (FR)"},"image":{"@id":"https:\/\/rgnetic.com\/fr\/#\/schema\/logo\/image\/"}}]}},"_links":{"self":[{"href":"https:\/\/rgnetic.com\/fr\/wp-json\/wp\/v2\/pages\/3863","targetHints":{"allow":["GET"]}}],"collection":[{"href":"https:\/\/rgnetic.com\/fr\/wp-json\/wp\/v2\/pages"}],"about":[{"href":"https:\/\/rgnetic.com\/fr\/wp-json\/wp\/v2\/types\/page"}],"author":[{"embeddable":true,"href":"https:\/\/rgnetic.com\/fr\/wp-json\/wp\/v2\/users\/2"}],"replies":[{"embeddable":true,"href":"https:\/\/rgnetic.com\/fr\/wp-json\/wp\/v2\/comments?post=3863"}],"version-history":[{"count":7,"href":"https:\/\/rgnetic.com\/fr\/wp-json\/wp\/v2\/pages\/3863\/revisions"}],"predecessor-version":[{"id":4452,"href":"https:\/\/rgnetic.com\/fr\/wp-json\/wp\/v2\/pages\/3863\/revisions\/4452"}],"wp:attachment":[{"href":"https:\/\/rgnetic.com\/fr\/wp-json\/wp\/v2\/media?parent=3863"}],"curies":[{"name":"wp","href":"https:\/\/api.w.org\/{rel}","templated":true}]}}