{"id":2216,"date":"2022-11-17T07:28:29","date_gmt":"2022-11-17T07:28:29","guid":{"rendered":"https:\/\/rgnetic.gurudesk.com\/?page_id=2216"},"modified":"2025-11-22T08:46:55","modified_gmt":"2025-11-22T08:46:55","slug":"avant-apres","status":"publish","type":"page","link":"https:\/\/rgnetic.com\/fr\/avant-apres\/","title":{"rendered":"Avant &#038; Apr\u00e8s"},"content":{"rendered":"\t\t<div data-elementor-type=\"wp-page\" data-elementor-id=\"2216\" class=\"elementor elementor-2216\" data-elementor-post-type=\"page\">\n\t\t\t\t\t\t<section class=\"elementor-section elementor-top-section elementor-element elementor-element-3d442dd1 elementor-section-height-min-height elementor-section-boxed elementor-section-height-default elementor-section-items-middle\" data-id=\"3d442dd1\" data-element_type=\"section\" data-settings=\"{&quot;background_background&quot;:&quot;classic&quot;,&quot;_ha_eqh_enable&quot;:false}\">\n\t\t\t\t\t\t<div class=\"elementor-container elementor-column-gap-no\">\n\t\t\t\t\t<div class=\"elementor-column elementor-col-100 elementor-top-column elementor-element elementor-element-723f757a\" data-id=\"723f757a\" data-element_type=\"column\">\n\t\t\t<div class=\"elementor-widget-wrap elementor-element-populated\">\n\t\t\t\t\t\t<div class=\"elementor-element elementor-element-25748f3d elementor-widget elementor-widget-heading\" data-id=\"25748f3d\" data-element_type=\"widget\" data-widget_type=\"heading.default\">\n\t\t\t\t<div class=\"elementor-widget-container\">\n\t\t\t<style>\/*! elementor - v3.20.0 - 26-03-2024 *\/\n.elementor-heading-title{padding:0;margin:0;line-height:1}.elementor-widget-heading .elementor-heading-title[class*=elementor-size-]>a{color:inherit;font-size:inherit;line-height:inherit}.elementor-widget-heading .elementor-heading-title.elementor-size-small{font-size:15px}.elementor-widget-heading .elementor-heading-title.elementor-size-medium{font-size:19px}.elementor-widget-heading .elementor-heading-title.elementor-size-large{font-size:29px}.elementor-widget-heading .elementor-heading-title.elementor-size-xl{font-size:39px}.elementor-widget-heading .elementor-heading-title.elementor-size-xxl{font-size:59px}<\/style><h2 class=\"elementor-heading-title elementor-size-default\">Avant & Apr\u00e8s<\/h2>\t\t<\/div>\n\t\t\t\t<\/div>\n\t\t\t\t\t<\/div>\n\t\t<\/div>\n\t\t\t\t\t<\/div>\n\t\t<\/section>\n\t\t\t\t<section class=\"elementor-section elementor-top-section elementor-element elementor-element-497151d4 elementor-section-boxed elementor-section-height-default elementor-section-height-default\" data-id=\"497151d4\" data-element_type=\"section\" data-settings=\"{&quot;_ha_eqh_enable&quot;:false}\">\n\t\t\t\t\t\t<div class=\"elementor-container elementor-column-gap-default\">\n\t\t\t\t\t<div class=\"elementor-column elementor-col-100 elementor-top-column elementor-element elementor-element-1ee3dbb\" data-id=\"1ee3dbb\" data-element_type=\"column\">\n\t\t\t<div class=\"elementor-widget-wrap\">\n\t\t\t\t\t\t\t<\/div>\n\t\t<\/div>\n\t\t\t\t\t<\/div>\n\t\t<\/section>\n\t\t\t\t<section class=\"elementor-section elementor-top-section elementor-element elementor-element-11debb7 elementor-section-boxed elementor-section-height-default elementor-section-height-default\" data-id=\"11debb7\" data-element_type=\"section\" data-settings=\"{&quot;_ha_eqh_enable&quot;:false}\">\n\t\t\t\t\t\t<div class=\"elementor-container elementor-column-gap-default\">\n\t\t\t\t\t<div class=\"elementor-column elementor-col-100 elementor-top-column elementor-element elementor-element-44298b4\" data-id=\"44298b4\" data-element_type=\"column\">\n\t\t\t<div class=\"elementor-widget-wrap elementor-element-populated\">\n\t\t\t\t\t\t<div class=\"elementor-element elementor-element-e7efd14 elementor-widget elementor-widget-text-editor\" data-id=\"e7efd14\" data-element_type=\"widget\" data-widget_type=\"text-editor.default\">\n\t\t\t\t<div class=\"elementor-widget-container\">\n\t\t\t<style>\/*! elementor - v3.20.0 - 26-03-2024 *\/\n.elementor-widget-text-editor.elementor-drop-cap-view-stacked .elementor-drop-cap{background-color:#69727d;color:#fff}.elementor-widget-text-editor.elementor-drop-cap-view-framed .elementor-drop-cap{color:#69727d;border:3px solid;background-color:transparent}.elementor-widget-text-editor:not(.elementor-drop-cap-view-default) .elementor-drop-cap{margin-top:8px}.elementor-widget-text-editor:not(.elementor-drop-cap-view-default) .elementor-drop-cap-letter{width:1em;height:1em}.elementor-widget-text-editor .elementor-drop-cap{float:left;text-align:center;line-height:1;font-size:50px}.elementor-widget-text-editor .elementor-drop-cap-letter{display:inline-block}<\/style>\t\t\t\t<p class=\"p1\"><b>Votre satisfaction est notre priorit\u00e9<\/b><b><\/b><\/p><p class=\"p2\">D\u00e9couvrez des r\u00e9sultats exceptionnels en chirurgie esth\u00e9tique. La discr\u00e9tion et la confiance sont essentielles pour nous. Malheureusement, conform\u00e9ment \u00e0 la loi allemande sur la publicit\u00e9 des produits m\u00e9dicaux (HWG), nous ne sommes pas autoris\u00e9s \u00e0 afficher des photos avant\/apr\u00e8s de nos patients sur notre site Web.<\/p><p class=\"p1\"><b>Souhaiteriez-vous tout de m\u00eame d\u00e9couvrir visuellement notre travail ?<\/b><b><\/b><\/p><p class=\"p2\">Contactez-nous simplement via WhatsApp pour recevoir des photos avant\/apr\u00e8s exclusives.<\/p><p class=\"p2\"><i>Cliquez ici et envoyez-nous un message !<\/i><i><\/i><\/p><p class=\"p1\"><b>Votre \u00e9quipe de chirurgie esth\u00e9tique<\/b><b><\/b><\/p><p class=\"p2\">Nous avons h\u00e2te d\u2019avoir de vos nouvelles.<\/p><p class=\"p2\">Nous sommes impatients de vous accueillir !<\/p><p class=\"p1\"><b>Mention l\u00e9gale :<\/b><b><\/b><\/p><p class=\"p2\">Veuillez noter que la pr\u00e9sentation d\u2019images avant\/apr\u00e8s dans le cadre d\u2019une consultation est soumise aux dispositions de la loi HWG. Notre \u00e9quipe de soins se fera un plaisir de vous informer en d\u00e9tail \u00e0 ce sujet.<\/p>\t\t\t\t\t\t<\/div>\n\t\t\t\t<\/div>\n\t\t\t\t\t<\/div>\n\t\t<\/div>\n\t\t\t\t\t<\/div>\n\t\t<\/section>\n\t\t\t\t<\/div>\n\t\t","protected":false},"excerpt":{"rendered":"<p>Avant &#038; Apr\u00e8s Votre satisfaction est notre priorit\u00e9 D\u00e9couvrez des r\u00e9sultats exceptionnels en chirurgie esth\u00e9tique. La discr\u00e9tion et la confiance sont essentielles pour nous. Malheureusement, conform\u00e9ment \u00e0 la loi allemande sur la publicit\u00e9 des produits m\u00e9dicaux (HWG), nous ne sommes pas autoris\u00e9s \u00e0 afficher des photos avant\/apr\u00e8s de nos patients sur notre site Web. Souhaiteriez-vous [&hellip;]<\/p>\n","protected":false},"author":2,"featured_media":0,"parent":0,"menu_order":0,"comment_status":"closed","ping_status":"closed","template":"","meta":{"_acf_changed":false,"footnotes":""},"class_list":["post-2216","page","type-page","status-publish","hentry"],"acf":[],"yoast_head":"<!-- This site is optimized with the Yoast SEO plugin v22.3 - https:\/\/yoast.com\/wordpress\/plugins\/seo\/ -->\n<title>Avant &amp; Apr\u00e8s - Rgnetic (FR)<\/title>\n<meta name=\"robots\" content=\"index, follow, max-snippet:-1, max-image-preview:large, max-video-preview:-1\" \/>\n<link rel=\"canonical\" href=\"https:\/\/rgnetic.com\/fr\/avant-apres\/\" \/>\n<meta property=\"og:locale\" content=\"en_US\" \/>\n<meta property=\"og:type\" content=\"article\" \/>\n<meta property=\"og:title\" content=\"Avant &amp; Apr\u00e8s - Rgnetic (FR)\" \/>\n<meta property=\"og:description\" content=\"Avant &#038; Apr\u00e8s Votre satisfaction est notre priorit\u00e9 D\u00e9couvrez des r\u00e9sultats exceptionnels en chirurgie esth\u00e9tique. La discr\u00e9tion et la confiance sont essentielles pour nous. Malheureusement, conform\u00e9ment \u00e0 la loi allemande sur la publicit\u00e9 des produits m\u00e9dicaux (HWG), nous ne sommes pas autoris\u00e9s \u00e0 afficher des photos avant\/apr\u00e8s de nos patients sur notre site Web. Souhaiteriez-vous [&hellip;]\" \/>\n<meta property=\"og:url\" content=\"https:\/\/rgnetic.com\/fr\/avant-apres\/\" \/>\n<meta property=\"og:site_name\" content=\"Rgnetic (FR)\" \/>\n<meta property=\"article:modified_time\" content=\"2025-11-22T08:46:55+00:00\" \/>\n<meta name=\"twitter:card\" content=\"summary_large_image\" \/>\n<meta name=\"twitter:label1\" content=\"Est. reading time\" \/>\n\t<meta name=\"twitter:data1\" content=\"1 minute\" \/>\n<script type=\"application\/ld+json\" class=\"yoast-schema-graph\">{\"@context\":\"https:\/\/schema.org\",\"@graph\":[{\"@type\":\"WebPage\",\"@id\":\"https:\/\/rgnetic.com\/fr\/avant-apres\/\",\"url\":\"https:\/\/rgnetic.com\/fr\/avant-apres\/\",\"name\":\"Avant & Apr\u00e8s - Rgnetic (FR)\",\"isPartOf\":{\"@id\":\"https:\/\/rgnetic.com\/fr\/#website\"},\"datePublished\":\"2022-11-17T07:28:29+00:00\",\"dateModified\":\"2025-11-22T08:46:55+00:00\",\"breadcrumb\":{\"@id\":\"https:\/\/rgnetic.com\/fr\/avant-apres\/#breadcrumb\"},\"inLanguage\":\"en-US\",\"potentialAction\":[{\"@type\":\"ReadAction\",\"target\":[\"https:\/\/rgnetic.com\/fr\/avant-apres\/\"]}]},{\"@type\":\"BreadcrumbList\",\"@id\":\"https:\/\/rgnetic.com\/fr\/avant-apres\/#breadcrumb\",\"itemListElement\":[{\"@type\":\"ListItem\",\"position\":1,\"name\":\"Home\",\"item\":\"https:\/\/rgnetic.com\/fr\/\"},{\"@type\":\"ListItem\",\"position\":2,\"name\":\"Avant &#038; Apr\u00e8s\"}]},{\"@type\":\"WebSite\",\"@id\":\"https:\/\/rgnetic.com\/fr\/#website\",\"url\":\"https:\/\/rgnetic.com\/fr\/\",\"name\":\"Rgnetic (FR)\",\"description\":\"Healthy &amp; Beauty\",\"publisher\":{\"@id\":\"https:\/\/rgnetic.com\/fr\/#organization\"},\"potentialAction\":[{\"@type\":\"SearchAction\",\"target\":{\"@type\":\"EntryPoint\",\"urlTemplate\":\"https:\/\/rgnetic.com\/fr\/?s={search_term_string}\"},\"query-input\":\"required name=search_term_string\"}],\"inLanguage\":\"en-US\"},{\"@type\":\"Organization\",\"@id\":\"https:\/\/rgnetic.com\/fr\/#organization\",\"name\":\"Rgnetic (FR)\",\"url\":\"https:\/\/rgnetic.com\/fr\/\",\"logo\":{\"@type\":\"ImageObject\",\"inLanguage\":\"en-US\",\"@id\":\"https:\/\/rgnetic.com\/fr\/#\/schema\/logo\/image\/\",\"url\":\"https:\/\/rgnetic.com\/fr\/wp-content\/uploads\/sites\/4\/2022\/10\/logo.png\",\"contentUrl\":\"https:\/\/rgnetic.com\/fr\/wp-content\/uploads\/sites\/4\/2022\/10\/logo.png\",\"width\":552,\"height\":202,\"caption\":\"Rgnetic (FR)\"},\"image\":{\"@id\":\"https:\/\/rgnetic.com\/fr\/#\/schema\/logo\/image\/\"}}]}<\/script>\n<!-- \/ Yoast SEO plugin. -->","yoast_head_json":{"title":"Avant & Apr\u00e8s - Rgnetic (FR)","robots":{"index":"index","follow":"follow","max-snippet":"max-snippet:-1","max-image-preview":"max-image-preview:large","max-video-preview":"max-video-preview:-1"},"canonical":"https:\/\/rgnetic.com\/fr\/avant-apres\/","og_locale":"en_US","og_type":"article","og_title":"Avant & Apr\u00e8s - Rgnetic (FR)","og_description":"Avant &#038; Apr\u00e8s Votre satisfaction est notre priorit\u00e9 D\u00e9couvrez des r\u00e9sultats exceptionnels en chirurgie esth\u00e9tique. La discr\u00e9tion et la confiance sont essentielles pour nous. Malheureusement, conform\u00e9ment \u00e0 la loi allemande sur la publicit\u00e9 des produits m\u00e9dicaux (HWG), nous ne sommes pas autoris\u00e9s \u00e0 afficher des photos avant\/apr\u00e8s de nos patients sur notre site Web. Souhaiteriez-vous [&hellip;]","og_url":"https:\/\/rgnetic.com\/fr\/avant-apres\/","og_site_name":"Rgnetic (FR)","article_modified_time":"2025-11-22T08:46:55+00:00","twitter_card":"summary_large_image","twitter_misc":{"Est. reading time":"1 minute"},"schema":{"@context":"https:\/\/schema.org","@graph":[{"@type":"WebPage","@id":"https:\/\/rgnetic.com\/fr\/avant-apres\/","url":"https:\/\/rgnetic.com\/fr\/avant-apres\/","name":"Avant & Apr\u00e8s - Rgnetic (FR)","isPartOf":{"@id":"https:\/\/rgnetic.com\/fr\/#website"},"datePublished":"2022-11-17T07:28:29+00:00","dateModified":"2025-11-22T08:46:55+00:00","breadcrumb":{"@id":"https:\/\/rgnetic.com\/fr\/avant-apres\/#breadcrumb"},"inLanguage":"en-US","potentialAction":[{"@type":"ReadAction","target":["https:\/\/rgnetic.com\/fr\/avant-apres\/"]}]},{"@type":"BreadcrumbList","@id":"https:\/\/rgnetic.com\/fr\/avant-apres\/#breadcrumb","itemListElement":[{"@type":"ListItem","position":1,"name":"Home","item":"https:\/\/rgnetic.com\/fr\/"},{"@type":"ListItem","position":2,"name":"Avant &#038; Apr\u00e8s"}]},{"@type":"WebSite","@id":"https:\/\/rgnetic.com\/fr\/#website","url":"https:\/\/rgnetic.com\/fr\/","name":"Rgnetic (FR)","description":"Healthy &amp; Beauty","publisher":{"@id":"https:\/\/rgnetic.com\/fr\/#organization"},"potentialAction":[{"@type":"SearchAction","target":{"@type":"EntryPoint","urlTemplate":"https:\/\/rgnetic.com\/fr\/?s={search_term_string}"},"query-input":"required name=search_term_string"}],"inLanguage":"en-US"},{"@type":"Organization","@id":"https:\/\/rgnetic.com\/fr\/#organization","name":"Rgnetic (FR)","url":"https:\/\/rgnetic.com\/fr\/","logo":{"@type":"ImageObject","inLanguage":"en-US","@id":"https:\/\/rgnetic.com\/fr\/#\/schema\/logo\/image\/","url":"https:\/\/rgnetic.com\/fr\/wp-content\/uploads\/sites\/4\/2022\/10\/logo.png","contentUrl":"https:\/\/rgnetic.com\/fr\/wp-content\/uploads\/sites\/4\/2022\/10\/logo.png","width":552,"height":202,"caption":"Rgnetic (FR)"},"image":{"@id":"https:\/\/rgnetic.com\/fr\/#\/schema\/logo\/image\/"}}]}},"_links":{"self":[{"href":"https:\/\/rgnetic.com\/fr\/wp-json\/wp\/v2\/pages\/2216","targetHints":{"allow":["GET"]}}],"collection":[{"href":"https:\/\/rgnetic.com\/fr\/wp-json\/wp\/v2\/pages"}],"about":[{"href":"https:\/\/rgnetic.com\/fr\/wp-json\/wp\/v2\/types\/page"}],"author":[{"embeddable":true,"href":"https:\/\/rgnetic.com\/fr\/wp-json\/wp\/v2\/users\/2"}],"replies":[{"embeddable":true,"href":"https:\/\/rgnetic.com\/fr\/wp-json\/wp\/v2\/comments?post=2216"}],"version-history":[{"count":81,"href":"https:\/\/rgnetic.com\/fr\/wp-json\/wp\/v2\/pages\/2216\/revisions"}],"predecessor-version":[{"id":4466,"href":"https:\/\/rgnetic.com\/fr\/wp-json\/wp\/v2\/pages\/2216\/revisions\/4466"}],"wp:attachment":[{"href":"https:\/\/rgnetic.com\/fr\/wp-json\/wp\/v2\/media?parent=2216"}],"curies":[{"name":"wp","href":"https:\/\/api.w.org\/{rel}","templated":true}]}}