{"id":3411,"date":"2022-12-08T08:11:57","date_gmt":"2022-12-08T08:11:57","guid":{"rendered":"https:\/\/es.rgnetic.com\/?page_id=3411"},"modified":"2025-11-22T06:56:47","modified_gmt":"2025-11-22T06:56:47","slug":"imprimir","status":"publish","type":"page","link":"https:\/\/rgnetic.com\/es\/imprimir\/","title":{"rendered":"Imprimir"},"content":{"rendered":"\t\t<div data-elementor-type=\"wp-page\" data-elementor-id=\"3411\" class=\"elementor elementor-3411\" data-elementor-post-type=\"page\">\n\t\t\t\t\t\t<section class=\"elementor-section elementor-top-section elementor-element elementor-element-4df8c4b5 elementor-section-height-min-height elementor-section-boxed elementor-section-height-default elementor-section-items-middle\" data-id=\"4df8c4b5\" data-element_type=\"section\" data-settings=\"{&quot;background_background&quot;:&quot;classic&quot;,&quot;_ha_eqh_enable&quot;:false}\">\n\t\t\t\t\t\t\t<div class=\"elementor-background-overlay\"><\/div>\n\t\t\t\t\t\t\t<div class=\"elementor-container elementor-column-gap-no\">\n\t\t\t\t\t<div class=\"elementor-column elementor-col-100 elementor-top-column elementor-element elementor-element-76946188\" data-id=\"76946188\" data-element_type=\"column\">\n\t\t\t<div class=\"elementor-widget-wrap elementor-element-populated\">\n\t\t\t\t\t\t<div class=\"elementor-element elementor-element-4e2fa6d5 elementor-widget elementor-widget-heading\" data-id=\"4e2fa6d5\" data-element_type=\"widget\" data-widget_type=\"heading.default\">\n\t\t\t\t<div class=\"elementor-widget-container\">\n\t\t\t<style>\/*! elementor - v3.20.0 - 26-03-2024 *\/\n.elementor-heading-title{padding:0;margin:0;line-height:1}.elementor-widget-heading .elementor-heading-title[class*=elementor-size-]>a{color:inherit;font-size:inherit;line-height:inherit}.elementor-widget-heading .elementor-heading-title.elementor-size-small{font-size:15px}.elementor-widget-heading .elementor-heading-title.elementor-size-medium{font-size:19px}.elementor-widget-heading .elementor-heading-title.elementor-size-large{font-size:29px}.elementor-widget-heading .elementor-heading-title.elementor-size-xl{font-size:39px}.elementor-widget-heading .elementor-heading-title.elementor-size-xxl{font-size:59px}<\/style><h2 class=\"elementor-heading-title elementor-size-default\">Imprimir<\/h2>\t\t<\/div>\n\t\t\t\t<\/div>\n\t\t\t\t\t<\/div>\n\t\t<\/div>\n\t\t\t\t\t<\/div>\n\t\t<\/section>\n\t\t\t\t<section class=\"elementor-section elementor-top-section elementor-element elementor-element-78ab1d2d elementor-section-boxed elementor-section-height-default elementor-section-height-default\" data-id=\"78ab1d2d\" data-element_type=\"section\" data-settings=\"{&quot;_ha_eqh_enable&quot;:false}\">\n\t\t\t\t\t\t<div class=\"elementor-container elementor-column-gap-default\">\n\t\t\t\t\t<div class=\"elementor-column elementor-col-100 elementor-top-column elementor-element elementor-element-29d146bc\" data-id=\"29d146bc\" data-element_type=\"column\">\n\t\t\t<div class=\"elementor-widget-wrap elementor-element-populated\">\n\t\t\t\t\t\t<div class=\"elementor-element elementor-element-5d4b8f7c elementor-widget elementor-widget-text-editor\" data-id=\"5d4b8f7c\" data-element_type=\"widget\" data-widget_type=\"text-editor.default\">\n\t\t\t\t<div class=\"elementor-widget-container\">\n\t\t\t<style>\/*! elementor - v3.20.0 - 26-03-2024 *\/\n.elementor-widget-text-editor.elementor-drop-cap-view-stacked .elementor-drop-cap{background-color:#69727d;color:#fff}.elementor-widget-text-editor.elementor-drop-cap-view-framed .elementor-drop-cap{color:#69727d;border:3px solid;background-color:transparent}.elementor-widget-text-editor:not(.elementor-drop-cap-view-default) .elementor-drop-cap{margin-top:8px}.elementor-widget-text-editor:not(.elementor-drop-cap-view-default) .elementor-drop-cap-letter{width:1em;height:1em}.elementor-widget-text-editor .elementor-drop-cap{float:left;text-align:center;line-height:1;font-size:50px}.elementor-widget-text-editor .elementor-drop-cap-letter{display:inline-block}<\/style>\t\t\t\t<h2><b>Aviso Legal<\/b><\/h2><p class=\"p3\"><b>Operador del sitio web y responsable del contenido seg\u00fan \u00a7 5 TMG y \u00a7 18 p\u00e1rr. 2 MStV<\/b><b><\/b><\/p><p class=\"p3\"><b>RGNETIC Servicios<\/b><b><\/b><\/p><p class=\"p4\">una divisi\u00f3n de <span class=\"s2\"><b>Exwest GmbH<\/b><b><\/b><\/span><\/p><p class=\"p4\">K\u00f6nigsallee 92 a<\/p><p class=\"p4\">40212 D\u00fcsseldorf, Alemania<\/p><p class=\"p4\">Correo electr\u00f3nico: <span class=\"s2\"><b>care@rgnetic.com<\/b><b><\/b><\/span><\/p><p class=\"p3\"><span class=\"s3\">Web: <\/span><b>https:\/\/rgnetic.com\/<\/b><b><\/b><\/p><p class=\"p4\">\u2e3b<\/p><h2><b>Financiaci\u00f3n y Pagos a Plazos<\/b><\/h2><p class=\"p4\">La financiaci\u00f3n y los pagos a plazos de nuestros tratamientos se gestionan \u00edntegramente a trav\u00e9s de nuestro socio financiero <span class=\"s2\"><b>MedCred<\/b><\/span>.<\/p><p class=\"p4\">Rgnetic no realiza verificaciones de cr\u00e9dito y no es el proveedor de la financiaci\u00f3n.<\/p><p class=\"p4\">\u2e3b<\/p><h2><b>Socios personalmente responsables<\/b><\/h2><p class=\"p3\"><b>Rgnetic \u2013 Tekin Aldemir<\/b><b><\/b><\/p><p class=\"p3\"><b>Exwest GmbH<\/b><b><\/b><\/p><p class=\"p4\">K\u00f6nigsallee 92 a<\/p><p class=\"p4\">40212 D\u00fcsseldorf, Alemania<\/p><p class=\"p4\">\u2e3b<\/p><h2><b>Datos de la empresa \u2013 Exwest GmbH<\/b><\/h2><p class=\"p4\">N\u00famero fiscal: <span class=\"s2\"><b>133\/5822\/3067<\/b><b><\/b><\/span><\/p><p class=\"p4\">ID de IVA: <span class=\"s2\"><b>DE370220220<\/b><b><\/b><\/span><\/p><p class=\"p4\">Registro Mercantil:<\/p><p class=\"p3\"><b>Juzgado de D\u00fcsseldorf<\/b><b><\/b><\/p><p class=\"p3\"><span class=\"s3\">HRB <\/span><b>104648<\/b><b><\/b><\/p><p class=\"p4\">Director General: <span class=\"s2\"><b>Tekin Aldemir<\/b><b><\/b><\/span><\/p><p class=\"p4\">Tel\u00e9fono \/ M\u00f3vil: <span class=\"s2\"><b>+49 152 08246201<\/b><b><\/b><\/span><\/p><p class=\"p4\">Correo electr\u00f3nico: <span class=\"s2\"><b>contact@exwest.de<\/b><b><\/b><\/span><\/p><p class=\"p4\">\u2e3b<\/p><h2><b>Registro Mercantil<\/b><\/h2><p class=\"p4\">Juzgado de D\u00fcsseldorf<\/p><p class=\"p4\">Registro Mercantil de D\u00fcsseldorf<\/p><p class=\"p4\">\u2e3b<\/p><h2><b>Responsable del contenido seg\u00fan \u00a7 18 p\u00e1rr. 2 MStV<\/b><\/h2><p class=\"p3\"><b>Tekin Aldemir<\/b><b><\/b><\/p><p class=\"p4\">(Direcci\u00f3n como arriba)<\/p><p class=\"p4\">\u2e3b<\/p><h2><b>Derechos de Autor<\/b><\/h2><p class=\"p4\">\u00a9 2003\u20132019 Shutterstock, Inc.<\/p><p class=\"p4\">Todas las im\u00e1genes y medios utilizados en este sitio est\u00e1n protegidos por derechos de autor. Cualquier uso adicional requiere permiso expreso.<\/p><p class=\"p4\">\u2e3b<\/p><h2><b>Descargo de Responsabilidad<\/b><\/h2><p class=\"p3\"><b>1. Contenido de la oferta en l\u00ednea<\/b><b><\/b><\/p><p class=\"p4\">El operador no asume ninguna responsabilidad por la exactitud, integridad o actualidad de la informaci\u00f3n proporcionada. Se excluyen reclamaciones por da\u00f1os materiales o inmateriales derivados del uso o no uso de la informaci\u00f3n proporcionada, salvo en caso de conducta dolosa o negligencia grave.<\/p><p class=\"p4\">El operador se reserva el derecho de modificar, complementar o eliminar partes del sitio o la totalidad de la oferta sin previo aviso.<\/p><p class=\"p3\"><b>2. Enlaces externos<\/b><b><\/b><\/p><p class=\"p4\">Seg\u00fan el fallo del Tribunal Regional de Hamburgo del 12 de mayo de 1998, el operador de un sitio web puede ser considerado responsable del contenido de p\u00e1ginas enlazadas. Esta responsabilidad puede evitarse \u00fanicamente mediante una declaraci\u00f3n expl\u00edcita de desvinculaci\u00f3n.<\/p><p class=\"p4\">Para todos los enlaces en este sitio:<\/p><p class=\"p4\">El operador declara que no tiene ninguna influencia sobre el contenido o dise\u00f1o de las p\u00e1ginas enlazadas. Por ello, se desvincula expresamente de todos los contenidos enlazados y no los adopta como propios.<\/p><p class=\"p4\">La responsabilidad por contenidos ilegales, incorrectos o incompletos recae \u00fanicamente en el proveedor de la p\u00e1gina enlazada.<\/p><p class=\"p4\">\u2e3b<\/p><h2><b>Pago a Plazos<\/b><\/h2><p class=\"p4\">Rgnetic, junto con nuestro socio financiero <span class=\"s2\"><b>MedCred<\/b><\/span>, ofrece un modelo exclusivo y sencillo de pago a plazos.<\/p><p class=\"p4\">La financiaci\u00f3n est\u00e1 disponible a partir de <span class=\"s2\"><b>1.000 \u20ac<\/b><\/span> \u2013 r\u00e1pida, segura y totalmente digital.<\/p><p class=\"p4\">M\u00e1s informaci\u00f3n disponible directamente en MedCred.<\/p><p class=\"p4\">\u2e3b<\/p><h2><b>Contacto<\/b><\/h2><p class=\"p4\">\u00bfTiene alguna pregunta?<\/p><p class=\"p4\">Correo electr\u00f3nico: <span class=\"s2\"><b>care@rgnetic.com<\/b><b><\/b><\/span><\/p>\t\t\t\t\t\t<\/div>\n\t\t\t\t<\/div>\n\t\t\t\t\t<\/div>\n\t\t<\/div>\n\t\t\t\t\t<\/div>\n\t\t<\/section>\n\t\t\t\t<\/div>\n\t\t","protected":false},"excerpt":{"rendered":"<p>Aviso Legal Operador del sitio web y responsable del contenido seg\u00fan \u00a7 5 TMG y \u00a7 18 p\u00e1rr. 2 MStV RGNETIC Servicios una divisi\u00f3n de Exwest GmbH K\u00f6nigsallee 92 a 40212 D\u00fcsseldorf, Alemania Correo electr\u00f3nico: care@rgnetic.com Web: https:\/\/rgnetic.com\/ \u2e3b Financiaci\u00f3n y Pagos a Plazos La financiaci\u00f3n y los pagos a plazos de nuestros tratamientos se [&hellip;]<\/p>\n","protected":false},"author":2,"featured_media":0,"parent":0,"menu_order":0,"comment_status":"closed","ping_status":"closed","template":"","meta":{"_acf_changed":false,"footnotes":""},"class_list":["post-3411","page","type-page","status-publish","hentry"],"acf":[],"yoast_head":"<!-- This site is optimized with the Yoast SEO plugin v22.3 - https:\/\/yoast.com\/wordpress\/plugins\/seo\/ -->\n<title>Imprimir - Rgnetic (ES)<\/title>\n<meta name=\"robots\" content=\"index, follow, max-snippet:-1, max-image-preview:large, max-video-preview:-1\" \/>\n<link rel=\"canonical\" href=\"https:\/\/rgnetic.com\/es\/imprimir\/\" \/>\n<meta property=\"og:locale\" content=\"en_US\" \/>\n<meta property=\"og:type\" content=\"article\" \/>\n<meta property=\"og:title\" content=\"Imprimir - Rgnetic (ES)\" \/>\n<meta property=\"og:description\" content=\"Aviso Legal Operador del sitio web y responsable del contenido seg\u00fan \u00a7 5 TMG y \u00a7 18 p\u00e1rr. 2 MStV RGNETIC Servicios una divisi\u00f3n de Exwest GmbH K\u00f6nigsallee 92 a 40212 D\u00fcsseldorf, Alemania Correo electr\u00f3nico: care@rgnetic.com Web: https:\/\/rgnetic.com\/ \u2e3b Financiaci\u00f3n y Pagos a Plazos La financiaci\u00f3n y los pagos a plazos de nuestros tratamientos se [&hellip;]\" \/>\n<meta property=\"og:url\" content=\"https:\/\/rgnetic.com\/es\/imprimir\/\" \/>\n<meta property=\"og:site_name\" content=\"Rgnetic (ES)\" \/>\n<meta property=\"article:modified_time\" content=\"2025-11-22T06:56:47+00:00\" \/>\n<meta name=\"twitter:card\" content=\"summary_large_image\" \/>\n<meta name=\"twitter:label1\" content=\"Est. reading time\" \/>\n\t<meta name=\"twitter:data1\" content=\"2 minutes\" \/>\n<script type=\"application\/ld+json\" class=\"yoast-schema-graph\">{\"@context\":\"https:\/\/schema.org\",\"@graph\":[{\"@type\":\"WebPage\",\"@id\":\"https:\/\/rgnetic.com\/es\/imprimir\/\",\"url\":\"https:\/\/rgnetic.com\/es\/imprimir\/\",\"name\":\"Imprimir - Rgnetic (ES)\",\"isPartOf\":{\"@id\":\"https:\/\/rgnetic.com\/es\/#website\"},\"datePublished\":\"2022-12-08T08:11:57+00:00\",\"dateModified\":\"2025-11-22T06:56:47+00:00\",\"breadcrumb\":{\"@id\":\"https:\/\/rgnetic.com\/es\/imprimir\/#breadcrumb\"},\"inLanguage\":\"en-US\",\"potentialAction\":[{\"@type\":\"ReadAction\",\"target\":[\"https:\/\/rgnetic.com\/es\/imprimir\/\"]}]},{\"@type\":\"BreadcrumbList\",\"@id\":\"https:\/\/rgnetic.com\/es\/imprimir\/#breadcrumb\",\"itemListElement\":[{\"@type\":\"ListItem\",\"position\":1,\"name\":\"Home\",\"item\":\"https:\/\/rgnetic.com\/es\/\"},{\"@type\":\"ListItem\",\"position\":2,\"name\":\"Imprimir\"}]},{\"@type\":\"WebSite\",\"@id\":\"https:\/\/rgnetic.com\/es\/#website\",\"url\":\"https:\/\/rgnetic.com\/es\/\",\"name\":\"Rgnetic (ES)\",\"description\":\"Healthy &amp; Beauty\",\"publisher\":{\"@id\":\"https:\/\/rgnetic.com\/es\/#organization\"},\"potentialAction\":[{\"@type\":\"SearchAction\",\"target\":{\"@type\":\"EntryPoint\",\"urlTemplate\":\"https:\/\/rgnetic.com\/es\/?s={search_term_string}\"},\"query-input\":\"required name=search_term_string\"}],\"inLanguage\":\"en-US\"},{\"@type\":\"Organization\",\"@id\":\"https:\/\/rgnetic.com\/es\/#organization\",\"name\":\"Rgnetic (ES)\",\"url\":\"https:\/\/rgnetic.com\/es\/\",\"logo\":{\"@type\":\"ImageObject\",\"inLanguage\":\"en-US\",\"@id\":\"https:\/\/rgnetic.com\/es\/#\/schema\/logo\/image\/\",\"url\":\"https:\/\/rgnetic.com\/es\/wp-content\/uploads\/sites\/3\/2022\/10\/logo.png\",\"contentUrl\":\"https:\/\/rgnetic.com\/es\/wp-content\/uploads\/sites\/3\/2022\/10\/logo.png\",\"width\":552,\"height\":202,\"caption\":\"Rgnetic (ES)\"},\"image\":{\"@id\":\"https:\/\/rgnetic.com\/es\/#\/schema\/logo\/image\/\"}}]}<\/script>\n<!-- \/ Yoast SEO plugin. -->","yoast_head_json":{"title":"Imprimir - Rgnetic (ES)","robots":{"index":"index","follow":"follow","max-snippet":"max-snippet:-1","max-image-preview":"max-image-preview:large","max-video-preview":"max-video-preview:-1"},"canonical":"https:\/\/rgnetic.com\/es\/imprimir\/","og_locale":"en_US","og_type":"article","og_title":"Imprimir - Rgnetic (ES)","og_description":"Aviso Legal Operador del sitio web y responsable del contenido seg\u00fan \u00a7 5 TMG y \u00a7 18 p\u00e1rr. 2 MStV RGNETIC Servicios una divisi\u00f3n de Exwest GmbH K\u00f6nigsallee 92 a 40212 D\u00fcsseldorf, Alemania Correo electr\u00f3nico: care@rgnetic.com Web: https:\/\/rgnetic.com\/ \u2e3b Financiaci\u00f3n y Pagos a Plazos La financiaci\u00f3n y los pagos a plazos de nuestros tratamientos se [&hellip;]","og_url":"https:\/\/rgnetic.com\/es\/imprimir\/","og_site_name":"Rgnetic (ES)","article_modified_time":"2025-11-22T06:56:47+00:00","twitter_card":"summary_large_image","twitter_misc":{"Est. reading time":"2 minutes"},"schema":{"@context":"https:\/\/schema.org","@graph":[{"@type":"WebPage","@id":"https:\/\/rgnetic.com\/es\/imprimir\/","url":"https:\/\/rgnetic.com\/es\/imprimir\/","name":"Imprimir - Rgnetic (ES)","isPartOf":{"@id":"https:\/\/rgnetic.com\/es\/#website"},"datePublished":"2022-12-08T08:11:57+00:00","dateModified":"2025-11-22T06:56:47+00:00","breadcrumb":{"@id":"https:\/\/rgnetic.com\/es\/imprimir\/#breadcrumb"},"inLanguage":"en-US","potentialAction":[{"@type":"ReadAction","target":["https:\/\/rgnetic.com\/es\/imprimir\/"]}]},{"@type":"BreadcrumbList","@id":"https:\/\/rgnetic.com\/es\/imprimir\/#breadcrumb","itemListElement":[{"@type":"ListItem","position":1,"name":"Home","item":"https:\/\/rgnetic.com\/es\/"},{"@type":"ListItem","position":2,"name":"Imprimir"}]},{"@type":"WebSite","@id":"https:\/\/rgnetic.com\/es\/#website","url":"https:\/\/rgnetic.com\/es\/","name":"Rgnetic (ES)","description":"Healthy &amp; Beauty","publisher":{"@id":"https:\/\/rgnetic.com\/es\/#organization"},"potentialAction":[{"@type":"SearchAction","target":{"@type":"EntryPoint","urlTemplate":"https:\/\/rgnetic.com\/es\/?s={search_term_string}"},"query-input":"required name=search_term_string"}],"inLanguage":"en-US"},{"@type":"Organization","@id":"https:\/\/rgnetic.com\/es\/#organization","name":"Rgnetic (ES)","url":"https:\/\/rgnetic.com\/es\/","logo":{"@type":"ImageObject","inLanguage":"en-US","@id":"https:\/\/rgnetic.com\/es\/#\/schema\/logo\/image\/","url":"https:\/\/rgnetic.com\/es\/wp-content\/uploads\/sites\/3\/2022\/10\/logo.png","contentUrl":"https:\/\/rgnetic.com\/es\/wp-content\/uploads\/sites\/3\/2022\/10\/logo.png","width":552,"height":202,"caption":"Rgnetic (ES)"},"image":{"@id":"https:\/\/rgnetic.com\/es\/#\/schema\/logo\/image\/"}}]}},"_links":{"self":[{"href":"https:\/\/rgnetic.com\/es\/wp-json\/wp\/v2\/pages\/3411","targetHints":{"allow":["GET"]}}],"collection":[{"href":"https:\/\/rgnetic.com\/es\/wp-json\/wp\/v2\/pages"}],"about":[{"href":"https:\/\/rgnetic.com\/es\/wp-json\/wp\/v2\/types\/page"}],"author":[{"embeddable":true,"href":"https:\/\/rgnetic.com\/es\/wp-json\/wp\/v2\/users\/2"}],"replies":[{"embeddable":true,"href":"https:\/\/rgnetic.com\/es\/wp-json\/wp\/v2\/comments?post=3411"}],"version-history":[{"count":20,"href":"https:\/\/rgnetic.com\/es\/wp-json\/wp\/v2\/pages\/3411\/revisions"}],"predecessor-version":[{"id":4886,"href":"https:\/\/rgnetic.com\/es\/wp-json\/wp\/v2\/pages\/3411\/revisions\/4886"}],"wp:attachment":[{"href":"https:\/\/rgnetic.com\/es\/wp-json\/wp\/v2\/media?parent=3411"}],"curies":[{"name":"wp","href":"https:\/\/api.w.org\/{rel}","templated":true}]}}