{"id":2216,"date":"2022-11-17T07:28:29","date_gmt":"2022-11-17T07:28:29","guid":{"rendered":"https:\/\/rgnetic.gurudesk.com\/?page_id=2216"},"modified":"2025-11-22T08:47:41","modified_gmt":"2025-11-22T08:47:41","slug":"antes-despues","status":"publish","type":"page","link":"https:\/\/rgnetic.com\/es\/antes-despues\/","title":{"rendered":"Antes &#038; Despu\u00e9s"},"content":{"rendered":"\t\t<div data-elementor-type=\"wp-page\" data-elementor-id=\"2216\" class=\"elementor elementor-2216\" data-elementor-post-type=\"page\">\n\t\t\t\t\t\t<section class=\"elementor-section elementor-top-section elementor-element elementor-element-3d442dd1 elementor-section-height-min-height elementor-section-boxed elementor-section-height-default elementor-section-items-middle\" data-id=\"3d442dd1\" data-element_type=\"section\" data-settings=\"{&quot;background_background&quot;:&quot;classic&quot;,&quot;_ha_eqh_enable&quot;:false}\">\n\t\t\t\t\t\t<div class=\"elementor-container elementor-column-gap-no\">\n\t\t\t\t\t<div class=\"elementor-column elementor-col-100 elementor-top-column elementor-element elementor-element-723f757a\" data-id=\"723f757a\" data-element_type=\"column\">\n\t\t\t<div class=\"elementor-widget-wrap elementor-element-populated\">\n\t\t\t\t\t\t<div class=\"elementor-element elementor-element-25748f3d elementor-widget elementor-widget-heading\" data-id=\"25748f3d\" data-element_type=\"widget\" data-widget_type=\"heading.default\">\n\t\t\t\t<div class=\"elementor-widget-container\">\n\t\t\t<style>\/*! elementor - v3.20.0 - 26-03-2024 *\/\n.elementor-heading-title{padding:0;margin:0;line-height:1}.elementor-widget-heading .elementor-heading-title[class*=elementor-size-]>a{color:inherit;font-size:inherit;line-height:inherit}.elementor-widget-heading .elementor-heading-title.elementor-size-small{font-size:15px}.elementor-widget-heading .elementor-heading-title.elementor-size-medium{font-size:19px}.elementor-widget-heading .elementor-heading-title.elementor-size-large{font-size:29px}.elementor-widget-heading .elementor-heading-title.elementor-size-xl{font-size:39px}.elementor-widget-heading .elementor-heading-title.elementor-size-xxl{font-size:59px}<\/style><h2 class=\"elementor-heading-title elementor-size-default\">Antes &#038; Despu\u00e9s<\/h2>\t\t<\/div>\n\t\t\t\t<\/div>\n\t\t\t\t\t<\/div>\n\t\t<\/div>\n\t\t\t\t\t<\/div>\n\t\t<\/section>\n\t\t\t\t<section class=\"elementor-section elementor-top-section elementor-element elementor-element-497151d4 elementor-section-boxed elementor-section-height-default elementor-section-height-default\" data-id=\"497151d4\" data-element_type=\"section\" data-settings=\"{&quot;_ha_eqh_enable&quot;:false}\">\n\t\t\t\t\t\t<div class=\"elementor-container elementor-column-gap-default\">\n\t\t\t\t\t<div class=\"elementor-column elementor-col-100 elementor-top-column elementor-element elementor-element-6352e72\" data-id=\"6352e72\" data-element_type=\"column\">\n\t\t\t<div class=\"elementor-widget-wrap\">\n\t\t\t\t\t\t\t<\/div>\n\t\t<\/div>\n\t\t\t\t\t<\/div>\n\t\t<\/section>\n\t\t\t\t<section class=\"elementor-section elementor-top-section elementor-element elementor-element-95643d0 elementor-section-boxed elementor-section-height-default elementor-section-height-default\" data-id=\"95643d0\" data-element_type=\"section\" data-settings=\"{&quot;_ha_eqh_enable&quot;:false}\">\n\t\t\t\t\t\t<div class=\"elementor-container elementor-column-gap-default\">\n\t\t\t\t\t<div class=\"elementor-column elementor-col-100 elementor-top-column elementor-element elementor-element-2c943c1\" data-id=\"2c943c1\" data-element_type=\"column\">\n\t\t\t<div class=\"elementor-widget-wrap elementor-element-populated\">\n\t\t\t\t\t\t<div class=\"elementor-element elementor-element-c1de790 elementor-widget elementor-widget-text-editor\" data-id=\"c1de790\" data-element_type=\"widget\" data-widget_type=\"text-editor.default\">\n\t\t\t\t<div class=\"elementor-widget-container\">\n\t\t\t<style>\/*! elementor - v3.20.0 - 26-03-2024 *\/\n.elementor-widget-text-editor.elementor-drop-cap-view-stacked .elementor-drop-cap{background-color:#69727d;color:#fff}.elementor-widget-text-editor.elementor-drop-cap-view-framed .elementor-drop-cap{color:#69727d;border:3px solid;background-color:transparent}.elementor-widget-text-editor:not(.elementor-drop-cap-view-default) .elementor-drop-cap{margin-top:8px}.elementor-widget-text-editor:not(.elementor-drop-cap-view-default) .elementor-drop-cap-letter{width:1em;height:1em}.elementor-widget-text-editor .elementor-drop-cap{float:left;text-align:center;line-height:1;font-size:50px}.elementor-widget-text-editor .elementor-drop-cap-letter{display:inline-block}<\/style>\t\t\t\t<p class=\"p1\"><b>Su satisfacci\u00f3n es nuestra prioridad<\/b><b><\/b><\/p><p class=\"p2\">Descubra resultados excepcionales en cirug\u00eda est\u00e9tica. La discreci\u00f3n y la confianza son nuestros valores fundamentales. Lamentablemente, de acuerdo con la Ley Alemana de Publicidad de Medicamentos (HWG), no podemos mostrar fotos de antes y despu\u00e9s de nuestros pacientes en nuestro sitio web.<\/p><p class=\"p3\"><br><\/p><p class=\"p1\"><b>\u00bfAun as\u00ed desea ver ejemplos visuales de nuestro trabajo?<\/b><b><\/b><\/p><p class=\"p2\">Simplemente cont\u00e1ctenos por WhatsApp para recibir im\u00e1genes exclusivas de antes y despu\u00e9s.<\/p><p class=\"p2\"><i>\u00a1Haga clic aqu\u00ed y escr\u00edbanos!<\/i><i><\/i><\/p><p class=\"p3\"><br><\/p><p class=\"p1\"><b>Su equipo de cirug\u00eda est\u00e9tica<\/b><b><\/b><\/p><p class=\"p2\">Esperamos saber de usted.<\/p><p class=\"p2\">\u00a1Estamos deseando darle la bienvenida!<\/p><p class=\"p3\"><br><\/p><p class=\"p1\"><b>Aviso legal:<\/b><b><\/b><\/p><p>\n\n\n\n\n\n\n\n\n\n\n\n\n\n\n\n\n\n\n\n<\/p><p class=\"p2\">Tenga en cuenta que la presentaci\u00f3n de im\u00e1genes de antes y despu\u00e9s durante una consulta est\u00e1 sujeta a las disposiciones de la Ley HWG. Nuestro equipo de atenci\u00f3n estar\u00e1 encantado de proporcionarle informaci\u00f3n detallada.<\/p>\t\t\t\t\t\t<\/div>\n\t\t\t\t<\/div>\n\t\t\t\t\t<\/div>\n\t\t<\/div>\n\t\t\t\t\t<\/div>\n\t\t<\/section>\n\t\t\t\t<\/div>\n\t\t","protected":false},"excerpt":{"rendered":"<p>Su satisfacci\u00f3n es nuestra prioridad Descubra resultados excepcionales en cirug\u00eda est\u00e9tica. La discreci\u00f3n y la confianza son nuestros valores fundamentales. Lamentablemente, de acuerdo con la Ley Alemana de Publicidad de Medicamentos (HWG), no podemos mostrar fotos de antes y despu\u00e9s de nuestros pacientes en nuestro sitio web. \u00bfAun as\u00ed desea ver ejemplos visuales de nuestro [&hellip;]<\/p>\n","protected":false},"author":2,"featured_media":0,"parent":0,"menu_order":0,"comment_status":"closed","ping_status":"closed","template":"","meta":{"_acf_changed":false,"footnotes":""},"class_list":["post-2216","page","type-page","status-publish","hentry"],"acf":[],"yoast_head":"<!-- This site is optimized with the Yoast SEO plugin v22.3 - https:\/\/yoast.com\/wordpress\/plugins\/seo\/ -->\n<title>Antes &amp; Despu\u00e9s - Rgnetic (ES)<\/title>\n<meta name=\"robots\" content=\"index, follow, max-snippet:-1, max-image-preview:large, max-video-preview:-1\" \/>\n<link rel=\"canonical\" href=\"https:\/\/rgnetic.com\/es\/antes-despues\/\" \/>\n<meta property=\"og:locale\" content=\"en_US\" \/>\n<meta property=\"og:type\" content=\"article\" \/>\n<meta property=\"og:title\" content=\"Antes &amp; Despu\u00e9s - Rgnetic (ES)\" \/>\n<meta property=\"og:description\" content=\"Su satisfacci\u00f3n es nuestra prioridad Descubra resultados excepcionales en cirug\u00eda est\u00e9tica. La discreci\u00f3n y la confianza son nuestros valores fundamentales. Lamentablemente, de acuerdo con la Ley Alemana de Publicidad de Medicamentos (HWG), no podemos mostrar fotos de antes y despu\u00e9s de nuestros pacientes en nuestro sitio web. \u00bfAun as\u00ed desea ver ejemplos visuales de nuestro [&hellip;]\" \/>\n<meta property=\"og:url\" content=\"https:\/\/rgnetic.com\/es\/antes-despues\/\" \/>\n<meta property=\"og:site_name\" content=\"Rgnetic (ES)\" \/>\n<meta property=\"article:modified_time\" content=\"2025-11-22T08:47:41+00:00\" \/>\n<meta name=\"twitter:card\" content=\"summary_large_image\" \/>\n<meta name=\"twitter:label1\" content=\"Est. reading time\" \/>\n\t<meta name=\"twitter:data1\" content=\"1 minute\" \/>\n<script type=\"application\/ld+json\" class=\"yoast-schema-graph\">{\"@context\":\"https:\/\/schema.org\",\"@graph\":[{\"@type\":\"WebPage\",\"@id\":\"https:\/\/rgnetic.com\/es\/antes-despues\/\",\"url\":\"https:\/\/rgnetic.com\/es\/antes-despues\/\",\"name\":\"Antes & Despu\u00e9s - Rgnetic (ES)\",\"isPartOf\":{\"@id\":\"https:\/\/rgnetic.com\/es\/#website\"},\"datePublished\":\"2022-11-17T07:28:29+00:00\",\"dateModified\":\"2025-11-22T08:47:41+00:00\",\"breadcrumb\":{\"@id\":\"https:\/\/rgnetic.com\/es\/antes-despues\/#breadcrumb\"},\"inLanguage\":\"en-US\",\"potentialAction\":[{\"@type\":\"ReadAction\",\"target\":[\"https:\/\/rgnetic.com\/es\/antes-despues\/\"]}]},{\"@type\":\"BreadcrumbList\",\"@id\":\"https:\/\/rgnetic.com\/es\/antes-despues\/#breadcrumb\",\"itemListElement\":[{\"@type\":\"ListItem\",\"position\":1,\"name\":\"Home\",\"item\":\"https:\/\/rgnetic.com\/es\/\"},{\"@type\":\"ListItem\",\"position\":2,\"name\":\"Antes &#038; Despu\u00e9s\"}]},{\"@type\":\"WebSite\",\"@id\":\"https:\/\/rgnetic.com\/es\/#website\",\"url\":\"https:\/\/rgnetic.com\/es\/\",\"name\":\"Rgnetic (ES)\",\"description\":\"Healthy &amp; Beauty\",\"publisher\":{\"@id\":\"https:\/\/rgnetic.com\/es\/#organization\"},\"potentialAction\":[{\"@type\":\"SearchAction\",\"target\":{\"@type\":\"EntryPoint\",\"urlTemplate\":\"https:\/\/rgnetic.com\/es\/?s={search_term_string}\"},\"query-input\":\"required name=search_term_string\"}],\"inLanguage\":\"en-US\"},{\"@type\":\"Organization\",\"@id\":\"https:\/\/rgnetic.com\/es\/#organization\",\"name\":\"Rgnetic (ES)\",\"url\":\"https:\/\/rgnetic.com\/es\/\",\"logo\":{\"@type\":\"ImageObject\",\"inLanguage\":\"en-US\",\"@id\":\"https:\/\/rgnetic.com\/es\/#\/schema\/logo\/image\/\",\"url\":\"https:\/\/rgnetic.com\/es\/wp-content\/uploads\/sites\/3\/2022\/10\/logo.png\",\"contentUrl\":\"https:\/\/rgnetic.com\/es\/wp-content\/uploads\/sites\/3\/2022\/10\/logo.png\",\"width\":552,\"height\":202,\"caption\":\"Rgnetic (ES)\"},\"image\":{\"@id\":\"https:\/\/rgnetic.com\/es\/#\/schema\/logo\/image\/\"}}]}<\/script>\n<!-- \/ Yoast SEO plugin. -->","yoast_head_json":{"title":"Antes & Despu\u00e9s - Rgnetic (ES)","robots":{"index":"index","follow":"follow","max-snippet":"max-snippet:-1","max-image-preview":"max-image-preview:large","max-video-preview":"max-video-preview:-1"},"canonical":"https:\/\/rgnetic.com\/es\/antes-despues\/","og_locale":"en_US","og_type":"article","og_title":"Antes & Despu\u00e9s - Rgnetic (ES)","og_description":"Su satisfacci\u00f3n es nuestra prioridad Descubra resultados excepcionales en cirug\u00eda est\u00e9tica. La discreci\u00f3n y la confianza son nuestros valores fundamentales. Lamentablemente, de acuerdo con la Ley Alemana de Publicidad de Medicamentos (HWG), no podemos mostrar fotos de antes y despu\u00e9s de nuestros pacientes en nuestro sitio web. \u00bfAun as\u00ed desea ver ejemplos visuales de nuestro [&hellip;]","og_url":"https:\/\/rgnetic.com\/es\/antes-despues\/","og_site_name":"Rgnetic (ES)","article_modified_time":"2025-11-22T08:47:41+00:00","twitter_card":"summary_large_image","twitter_misc":{"Est. reading time":"1 minute"},"schema":{"@context":"https:\/\/schema.org","@graph":[{"@type":"WebPage","@id":"https:\/\/rgnetic.com\/es\/antes-despues\/","url":"https:\/\/rgnetic.com\/es\/antes-despues\/","name":"Antes & Despu\u00e9s - Rgnetic (ES)","isPartOf":{"@id":"https:\/\/rgnetic.com\/es\/#website"},"datePublished":"2022-11-17T07:28:29+00:00","dateModified":"2025-11-22T08:47:41+00:00","breadcrumb":{"@id":"https:\/\/rgnetic.com\/es\/antes-despues\/#breadcrumb"},"inLanguage":"en-US","potentialAction":[{"@type":"ReadAction","target":["https:\/\/rgnetic.com\/es\/antes-despues\/"]}]},{"@type":"BreadcrumbList","@id":"https:\/\/rgnetic.com\/es\/antes-despues\/#breadcrumb","itemListElement":[{"@type":"ListItem","position":1,"name":"Home","item":"https:\/\/rgnetic.com\/es\/"},{"@type":"ListItem","position":2,"name":"Antes &#038; Despu\u00e9s"}]},{"@type":"WebSite","@id":"https:\/\/rgnetic.com\/es\/#website","url":"https:\/\/rgnetic.com\/es\/","name":"Rgnetic (ES)","description":"Healthy &amp; Beauty","publisher":{"@id":"https:\/\/rgnetic.com\/es\/#organization"},"potentialAction":[{"@type":"SearchAction","target":{"@type":"EntryPoint","urlTemplate":"https:\/\/rgnetic.com\/es\/?s={search_term_string}"},"query-input":"required name=search_term_string"}],"inLanguage":"en-US"},{"@type":"Organization","@id":"https:\/\/rgnetic.com\/es\/#organization","name":"Rgnetic (ES)","url":"https:\/\/rgnetic.com\/es\/","logo":{"@type":"ImageObject","inLanguage":"en-US","@id":"https:\/\/rgnetic.com\/es\/#\/schema\/logo\/image\/","url":"https:\/\/rgnetic.com\/es\/wp-content\/uploads\/sites\/3\/2022\/10\/logo.png","contentUrl":"https:\/\/rgnetic.com\/es\/wp-content\/uploads\/sites\/3\/2022\/10\/logo.png","width":552,"height":202,"caption":"Rgnetic (ES)"},"image":{"@id":"https:\/\/rgnetic.com\/es\/#\/schema\/logo\/image\/"}}]}},"_links":{"self":[{"href":"https:\/\/rgnetic.com\/es\/wp-json\/wp\/v2\/pages\/2216","targetHints":{"allow":["GET"]}}],"collection":[{"href":"https:\/\/rgnetic.com\/es\/wp-json\/wp\/v2\/pages"}],"about":[{"href":"https:\/\/rgnetic.com\/es\/wp-json\/wp\/v2\/types\/page"}],"author":[{"embeddable":true,"href":"https:\/\/rgnetic.com\/es\/wp-json\/wp\/v2\/users\/2"}],"replies":[{"embeddable":true,"href":"https:\/\/rgnetic.com\/es\/wp-json\/wp\/v2\/comments?post=2216"}],"version-history":[{"count":94,"href":"https:\/\/rgnetic.com\/es\/wp-json\/wp\/v2\/pages\/2216\/revisions"}],"predecessor-version":[{"id":4900,"href":"https:\/\/rgnetic.com\/es\/wp-json\/wp\/v2\/pages\/2216\/revisions\/4900"}],"wp:attachment":[{"href":"https:\/\/rgnetic.com\/es\/wp-json\/wp\/v2\/media?parent=2216"}],"curies":[{"name":"wp","href":"https:\/\/api.w.org\/{rel}","templated":true}]}}