{"id":3411,"date":"2022-12-08T08:11:57","date_gmt":"2022-12-08T08:11:57","guid":{"rendered":"https:\/\/de.rgnetic.com\/?page_id=3411"},"modified":"2025-11-21T14:54:31","modified_gmt":"2025-11-21T13:54:31","slug":"impressum","status":"publish","type":"page","link":"https:\/\/rgnetic.com\/de\/impressum\/","title":{"rendered":"Impressum"},"content":{"rendered":"\t\t<div data-elementor-type=\"wp-page\" data-elementor-id=\"3411\" class=\"elementor elementor-3411\" data-elementor-post-type=\"page\">\n\t\t\t\t\t\t<section class=\"elementor-section elementor-top-section elementor-element elementor-element-4df8c4b5 elementor-section-height-min-height elementor-section-boxed elementor-section-height-default elementor-section-items-middle\" data-id=\"4df8c4b5\" data-element_type=\"section\" data-settings=\"{&quot;background_background&quot;:&quot;classic&quot;,&quot;_ha_eqh_enable&quot;:false}\">\n\t\t\t\t\t\t\t<div class=\"elementor-background-overlay\"><\/div>\n\t\t\t\t\t\t\t<div class=\"elementor-container elementor-column-gap-no\">\n\t\t\t\t\t<div class=\"elementor-column elementor-col-100 elementor-top-column elementor-element elementor-element-76946188\" data-id=\"76946188\" data-element_type=\"column\">\n\t\t\t<div class=\"elementor-widget-wrap elementor-element-populated\">\n\t\t\t\t\t\t<div class=\"elementor-element elementor-element-4e2fa6d5 elementor-widget elementor-widget-heading\" data-id=\"4e2fa6d5\" data-element_type=\"widget\" data-widget_type=\"heading.default\">\n\t\t\t\t<div class=\"elementor-widget-container\">\n\t\t\t<style>\/*! elementor - v3.20.0 - 26-03-2024 *\/\n.elementor-heading-title{padding:0;margin:0;line-height:1}.elementor-widget-heading .elementor-heading-title[class*=elementor-size-]>a{color:inherit;font-size:inherit;line-height:inherit}.elementor-widget-heading .elementor-heading-title.elementor-size-small{font-size:15px}.elementor-widget-heading .elementor-heading-title.elementor-size-medium{font-size:19px}.elementor-widget-heading .elementor-heading-title.elementor-size-large{font-size:29px}.elementor-widget-heading .elementor-heading-title.elementor-size-xl{font-size:39px}.elementor-widget-heading .elementor-heading-title.elementor-size-xxl{font-size:59px}<\/style><h2 class=\"elementor-heading-title elementor-size-default\">Impressum<\/h2>\t\t<\/div>\n\t\t\t\t<\/div>\n\t\t\t\t\t<\/div>\n\t\t<\/div>\n\t\t\t\t\t<\/div>\n\t\t<\/section>\n\t\t\t\t<section class=\"elementor-section elementor-top-section elementor-element elementor-element-78ab1d2d elementor-section-boxed elementor-section-height-default elementor-section-height-default\" data-id=\"78ab1d2d\" data-element_type=\"section\" data-settings=\"{&quot;_ha_eqh_enable&quot;:false}\">\n\t\t\t\t\t\t<div class=\"elementor-container elementor-column-gap-default\">\n\t\t\t\t\t<div class=\"elementor-column elementor-col-100 elementor-top-column elementor-element elementor-element-29d146bc\" data-id=\"29d146bc\" data-element_type=\"column\">\n\t\t\t<div class=\"elementor-widget-wrap elementor-element-populated\">\n\t\t\t\t\t\t<div class=\"elementor-element elementor-element-5d4b8f7c elementor-widget elementor-widget-text-editor\" data-id=\"5d4b8f7c\" data-element_type=\"widget\" data-widget_type=\"text-editor.default\">\n\t\t\t\t<div class=\"elementor-widget-container\">\n\t\t\t<style>\/*! elementor - v3.20.0 - 26-03-2024 *\/\n.elementor-widget-text-editor.elementor-drop-cap-view-stacked .elementor-drop-cap{background-color:#69727d;color:#fff}.elementor-widget-text-editor.elementor-drop-cap-view-framed .elementor-drop-cap{color:#69727d;border:3px solid;background-color:transparent}.elementor-widget-text-editor:not(.elementor-drop-cap-view-default) .elementor-drop-cap{margin-top:8px}.elementor-widget-text-editor:not(.elementor-drop-cap-view-default) .elementor-drop-cap-letter{width:1em;height:1em}.elementor-widget-text-editor .elementor-drop-cap{float:left;text-align:center;line-height:1;font-size:50px}.elementor-widget-text-editor .elementor-drop-cap-letter{display:inline-block}<\/style>\t\t\t\t<p class=\"p1\"><b>Betreiber der Website sowie inhaltlich verantwortlich gem\u00e4\u00df \u00a7 5 TMG und \u00a7 18 Abs. 2 MStV<\/b><b><\/b><\/p><p class=\"p1\"><b>RGNETIC Dienstleistungen<\/b><b><\/b><\/p><p class=\"p3\">ein Gesch\u00e4ftsbereich der <span class=\"s1\"><b>Exwest GmbH<\/b><b><\/b><\/span><\/p><p class=\"p3\">K\u00f6nigsallee 92 a<\/p><p class=\"p3\">40212 D\u00fcsseldorf, Deutschland<\/p><p class=\"p1\"><span class=\"s2\">E-Mail: <\/span><b>care@rgnetic.com<\/b><b><\/b><\/p><p class=\"p1\"><span class=\"s2\">Web: <\/span><b>https:\/\/rgnetic.com\/<\/b><b><\/b><\/p><hr \/><h2><b>Finanzierung &amp; Teilzahlungen<\/b><\/h2><p class=\"p1\"><span class=\"s2\">Die <\/span><b>Finanzierung und Ratenzahlungen<\/b><span class=\"s2\"> unserer Behandlungen werden <\/span><b>vollst\u00e4ndig \u00fcber unseren Finanzierungspartner MedCred<\/b><span class=\"s2\"> abgewickelt.<\/span><\/p><p class=\"p3\">Rgnetic selbst f\u00fchrt keine Kreditpr\u00fcfung durch und ist nicht Anbieter der Finanzierung.<\/p><hr \/><h2><b>Pers\u00f6nlich haftende Gesellschafter<\/b><\/h2><p class=\"p1\"><b>Rgnetic \u2013 Tekin Aldemir<\/b><b><\/b><\/p><p class=\"p1\"><b>Exwest GmbH<\/b><b><\/b><\/p><p class=\"p3\">K\u00f6nigsallee 92 a<\/p><p class=\"p3\">40212 D\u00fcsseldorf, Deutschland<\/p><hr \/><h2><b>Firmendaten Exwest GmbH<\/b><\/h2><p class=\"p3\">Steuernummer: <span class=\"s1\"><b>133\/5822\/3067<\/b><b><\/b><\/span><\/p><p class=\"p1\"><span class=\"s2\">USt-ID: <\/span><b>DE370220220<\/b><b><\/b><\/p><p class=\"p3\">Handelsregister:<\/p><p class=\"p1\"><b>Amtsgericht D\u00fcsseldorf<\/b><b><\/b><\/p><p class=\"p1\"><span class=\"s2\">HRB <\/span><b>104648<\/b><b><\/b><\/p><p class=\"p3\">Gesch\u00e4ftsf\u00fchrer: <span class=\"s1\"><b>Tekin Aldemir<\/b><b><\/b><\/span><\/p><p class=\"p3\">Telefon \/ Mobil: <span class=\"s1\"><b>+49 152 08246201<\/b><b><\/b><\/span><\/p><p class=\"p1\"><span class=\"s2\">E-Mail: <\/span><b>contact@exwest.de<\/b><b><\/b><\/p><hr \/><h2><b>Registergericht<\/b><\/h2><p class=\"p3\">Amtsgericht D\u00fcsseldorf<\/p><p class=\"p3\">Handelsregister D\u00fcsseldorf<\/p><hr \/><h2><b>Inhaltlich Verantwortlicher gem\u00e4\u00df \u00a7 18 Abs. 2 MStV<\/b><\/h2><p class=\"p1\"><b>Tekin Aldemir<\/b><b><\/b><\/p><p class=\"p3\">(Anschrift wie oben)<\/p><hr \/><h2><b>Urheberrecht<\/b><\/h2><p class=\"p3\">\u00a9 2003\u20132019 Shutterstock, Inc.<\/p><p class=\"p3\">Alle auf dieser Website verwendeten Bilder und Medien sind urheberrechtlich gesch\u00fctzt. Jede Weiterverwendung bedarf der ausdr\u00fccklichen Genehmigung.<\/p><hr \/><h2><b>Haftungsausschluss<\/b><\/h2><p class=\"p1\"><b>1. Inhalt des Onlineangebotes<\/b><b><\/b><\/p><p class=\"p3\">Der Betreiber \u00fcbernimmt keinerlei Gew\u00e4hr f\u00fcr die Aktualit\u00e4t, Korrektheit, Vollst\u00e4ndigkeit oder Qualit\u00e4t der bereitgestellten Informationen. Haftungsanspr\u00fcche gegen den Betreiber, die sich auf Sch\u00e4den materieller oder ideeller Art beziehen, die durch die Nutzung oder Nichtnutzung der dargestellten Informationen oder durch fehlerhafte bzw. unvollst\u00e4ndige Informationen verursacht wurden, sind grunds\u00e4tzlich ausgeschlossen, sofern kein nachweislich vors\u00e4tzliches oder grob fahrl\u00e4ssiges Verschulden vorliegt.<\/p><p class=\"p3\">Der Betreiber beh\u00e4lt sich das Recht vor, Teile der Seiten oder das gesamte Angebot ohne gesonderte Ank\u00fcndigung zu ver\u00e4ndern, zu erg\u00e4nzen oder die Ver\u00f6ffentlichung zeitweise oder endg\u00fcltig einzustellen.<\/p><p class=\"p1\"><b>2. Verweise und Links<\/b><b><\/b><\/p><p class=\"p3\">Mit Urteil vom 12. Mai 1998 hat das LG Hamburg entschieden, dass man durch die Ausbringung eines Links die Inhalte der gelinkten Seite ggf. mit zu verantworten hat. Dies kann nur verhindert werden, indem man sich ausdr\u00fccklich von diesen Inhalten distanziert.<\/p><p class=\"p3\">F\u00fcr alle auf dieser Website gesetzten Links gilt:<\/p><p class=\"p3\">Der Betreiber erkl\u00e4rt ausdr\u00fccklich, dass er keinerlei Einfluss auf die Gestaltung und Inhalte der verlinkten Seiten hat. Daher distanziert der Betreiber sich ausdr\u00fccklich von allen Inhalten aller verlinkten Seiten und macht sich diese Inhalte nicht zu eigen.<\/p><p class=\"p3\">F\u00fcr illegale, fehlerhafte oder unvollst\u00e4ndige Inhalte sowie Sch\u00e4den, die aus der Nutzung solcherart dargebotener Informationen entstehen, haftet allein der Anbieter der jeweiligen Seite.<\/p><hr \/><h2><b>Bequeme Teilzahlung<\/b><\/h2><p class=\"p3\">Rgnetic bietet Ihnen gemeinsam mit unserem Finanzierungspartner <span class=\"s1\"><b>MedCred<\/b><\/span> ein exklusives, unb\u00fcrokratisches Teilzahlungsmodell.<\/p><p class=\"p3\">Eine Finanzierung ist <span class=\"s1\"><b>ab 1.000 \u20ac<\/b><\/span> Rechnungsbetrag m\u00f6glich \u2013 schnell, sicher und vollst\u00e4ndig digital.<\/p><p class=\"p3\">Mehr Informationen erhalten Sie direkt bei MedCred.<\/p><hr \/><h2><b>Kontakt<\/b><\/h2><p class=\"p3\">Sie haben noch Fragen?<\/p><p class=\"p1\"><span class=\"s2\">E-Mail: <\/span><b>care@rgnetic.com<\/b><b><\/b><\/p>\t\t\t\t\t\t<\/div>\n\t\t\t\t<\/div>\n\t\t\t\t\t<\/div>\n\t\t<\/div>\n\t\t\t\t\t<\/div>\n\t\t<\/section>\n\t\t\t\t<\/div>\n\t\t","protected":false},"excerpt":{"rendered":"<p>Impressum Betreiber der Website sowie inhaltlich verantwortlich gem\u00e4\u00df \u00a7 5 TMG und \u00a7 18 Abs. 2 MStV RGNETIC Dienstleistungen ein Gesch\u00e4ftsbereich der Exwest GmbH K\u00f6nigsallee 92 a 40212 D\u00fcsseldorf, Deutschland E-Mail: care@rgnetic.com Web: https:\/\/rgnetic.com\/ Finanzierung &amp; Teilzahlungen Die Finanzierung und Ratenzahlungen unserer Behandlungen werden vollst\u00e4ndig \u00fcber unseren Finanzierungspartner MedCred abgewickelt. Rgnetic selbst f\u00fchrt keine Kreditpr\u00fcfung [&hellip;]<\/p>\n","protected":false},"author":2,"featured_media":0,"parent":0,"menu_order":0,"comment_status":"closed","ping_status":"closed","template":"","meta":{"_acf_changed":false,"footnotes":""},"class_list":["post-3411","page","type-page","status-publish","hentry"],"acf":[],"yoast_head":"<!-- This site is optimized with the Yoast SEO plugin v22.3 - https:\/\/yoast.com\/wordpress\/plugins\/seo\/ -->\n<title>Impressum - Rgnetic (DE)<\/title>\n<meta name=\"robots\" content=\"index, follow, max-snippet:-1, max-image-preview:large, max-video-preview:-1\" \/>\n<link rel=\"canonical\" href=\"https:\/\/rgnetic.com\/de\/impressum\/\" \/>\n<meta property=\"og:locale\" content=\"de_DE\" \/>\n<meta property=\"og:type\" content=\"article\" \/>\n<meta property=\"og:title\" content=\"Impressum - Rgnetic (DE)\" \/>\n<meta property=\"og:description\" content=\"Impressum Betreiber der Website sowie inhaltlich verantwortlich gem\u00e4\u00df \u00a7 5 TMG und \u00a7 18 Abs. 2 MStV RGNETIC Dienstleistungen ein Gesch\u00e4ftsbereich der Exwest GmbH K\u00f6nigsallee 92 a 40212 D\u00fcsseldorf, Deutschland E-Mail: care@rgnetic.com Web: https:\/\/rgnetic.com\/ Finanzierung &amp; Teilzahlungen Die Finanzierung und Ratenzahlungen unserer Behandlungen werden vollst\u00e4ndig \u00fcber unseren Finanzierungspartner MedCred abgewickelt. Rgnetic selbst f\u00fchrt keine Kreditpr\u00fcfung [&hellip;]\" \/>\n<meta property=\"og:url\" content=\"https:\/\/rgnetic.com\/de\/impressum\/\" \/>\n<meta property=\"og:site_name\" content=\"Rgnetic (DE)\" \/>\n<meta property=\"article:modified_time\" content=\"2025-11-21T13:54:31+00:00\" \/>\n<meta name=\"twitter:card\" content=\"summary_large_image\" \/>\n<meta name=\"twitter:label1\" content=\"Gesch\u00e4tzte Lesezeit\" \/>\n\t<meta name=\"twitter:data1\" content=\"2\u00a0Minuten\" \/>\n<script type=\"application\/ld+json\" class=\"yoast-schema-graph\">{\"@context\":\"https:\/\/schema.org\",\"@graph\":[{\"@type\":\"WebPage\",\"@id\":\"https:\/\/rgnetic.com\/de\/impressum\/\",\"url\":\"https:\/\/rgnetic.com\/de\/impressum\/\",\"name\":\"Impressum - Rgnetic (DE)\",\"isPartOf\":{\"@id\":\"https:\/\/rgnetic.com\/de\/#website\"},\"datePublished\":\"2022-12-08T08:11:57+00:00\",\"dateModified\":\"2025-11-21T13:54:31+00:00\",\"breadcrumb\":{\"@id\":\"https:\/\/rgnetic.com\/de\/impressum\/#breadcrumb\"},\"inLanguage\":\"de\",\"potentialAction\":[{\"@type\":\"ReadAction\",\"target\":[\"https:\/\/rgnetic.com\/de\/impressum\/\"]}]},{\"@type\":\"BreadcrumbList\",\"@id\":\"https:\/\/rgnetic.com\/de\/impressum\/#breadcrumb\",\"itemListElement\":[{\"@type\":\"ListItem\",\"position\":1,\"name\":\"Home\",\"item\":\"https:\/\/rgnetic.com\/de\/\"},{\"@type\":\"ListItem\",\"position\":2,\"name\":\"Impressum\"}]},{\"@type\":\"WebSite\",\"@id\":\"https:\/\/rgnetic.com\/de\/#website\",\"url\":\"https:\/\/rgnetic.com\/de\/\",\"name\":\"Rgnetic (DE)\",\"description\":\"Healthy &amp; Beauty\",\"publisher\":{\"@id\":\"https:\/\/rgnetic.com\/de\/#organization\"},\"potentialAction\":[{\"@type\":\"SearchAction\",\"target\":{\"@type\":\"EntryPoint\",\"urlTemplate\":\"https:\/\/rgnetic.com\/de\/?s={search_term_string}\"},\"query-input\":\"required name=search_term_string\"}],\"inLanguage\":\"de\"},{\"@type\":\"Organization\",\"@id\":\"https:\/\/rgnetic.com\/de\/#organization\",\"name\":\"Rgnetic (DE)\",\"url\":\"https:\/\/rgnetic.com\/de\/\",\"logo\":{\"@type\":\"ImageObject\",\"inLanguage\":\"de\",\"@id\":\"https:\/\/rgnetic.com\/de\/#\/schema\/logo\/image\/\",\"url\":\"https:\/\/rgnetic.com\/de\/wp-content\/uploads\/sites\/2\/2022\/10\/logo.png\",\"contentUrl\":\"https:\/\/rgnetic.com\/de\/wp-content\/uploads\/sites\/2\/2022\/10\/logo.png\",\"width\":552,\"height\":202,\"caption\":\"Rgnetic (DE)\"},\"image\":{\"@id\":\"https:\/\/rgnetic.com\/de\/#\/schema\/logo\/image\/\"},\"sameAs\":[\"https:\/\/www.instagram.com\/rgnetic\/\"]}]}<\/script>\n<!-- \/ Yoast SEO plugin. -->","yoast_head_json":{"title":"Impressum - Rgnetic (DE)","robots":{"index":"index","follow":"follow","max-snippet":"max-snippet:-1","max-image-preview":"max-image-preview:large","max-video-preview":"max-video-preview:-1"},"canonical":"https:\/\/rgnetic.com\/de\/impressum\/","og_locale":"de_DE","og_type":"article","og_title":"Impressum - Rgnetic (DE)","og_description":"Impressum Betreiber der Website sowie inhaltlich verantwortlich gem\u00e4\u00df \u00a7 5 TMG und \u00a7 18 Abs. 2 MStV RGNETIC Dienstleistungen ein Gesch\u00e4ftsbereich der Exwest GmbH K\u00f6nigsallee 92 a 40212 D\u00fcsseldorf, Deutschland E-Mail: care@rgnetic.com Web: https:\/\/rgnetic.com\/ Finanzierung &amp; Teilzahlungen Die Finanzierung und Ratenzahlungen unserer Behandlungen werden vollst\u00e4ndig \u00fcber unseren Finanzierungspartner MedCred abgewickelt. Rgnetic selbst f\u00fchrt keine Kreditpr\u00fcfung [&hellip;]","og_url":"https:\/\/rgnetic.com\/de\/impressum\/","og_site_name":"Rgnetic (DE)","article_modified_time":"2025-11-21T13:54:31+00:00","twitter_card":"summary_large_image","twitter_misc":{"Gesch\u00e4tzte Lesezeit":"2\u00a0Minuten"},"schema":{"@context":"https:\/\/schema.org","@graph":[{"@type":"WebPage","@id":"https:\/\/rgnetic.com\/de\/impressum\/","url":"https:\/\/rgnetic.com\/de\/impressum\/","name":"Impressum - Rgnetic (DE)","isPartOf":{"@id":"https:\/\/rgnetic.com\/de\/#website"},"datePublished":"2022-12-08T08:11:57+00:00","dateModified":"2025-11-21T13:54:31+00:00","breadcrumb":{"@id":"https:\/\/rgnetic.com\/de\/impressum\/#breadcrumb"},"inLanguage":"de","potentialAction":[{"@type":"ReadAction","target":["https:\/\/rgnetic.com\/de\/impressum\/"]}]},{"@type":"BreadcrumbList","@id":"https:\/\/rgnetic.com\/de\/impressum\/#breadcrumb","itemListElement":[{"@type":"ListItem","position":1,"name":"Home","item":"https:\/\/rgnetic.com\/de\/"},{"@type":"ListItem","position":2,"name":"Impressum"}]},{"@type":"WebSite","@id":"https:\/\/rgnetic.com\/de\/#website","url":"https:\/\/rgnetic.com\/de\/","name":"Rgnetic (DE)","description":"Healthy &amp; Beauty","publisher":{"@id":"https:\/\/rgnetic.com\/de\/#organization"},"potentialAction":[{"@type":"SearchAction","target":{"@type":"EntryPoint","urlTemplate":"https:\/\/rgnetic.com\/de\/?s={search_term_string}"},"query-input":"required name=search_term_string"}],"inLanguage":"de"},{"@type":"Organization","@id":"https:\/\/rgnetic.com\/de\/#organization","name":"Rgnetic (DE)","url":"https:\/\/rgnetic.com\/de\/","logo":{"@type":"ImageObject","inLanguage":"de","@id":"https:\/\/rgnetic.com\/de\/#\/schema\/logo\/image\/","url":"https:\/\/rgnetic.com\/de\/wp-content\/uploads\/sites\/2\/2022\/10\/logo.png","contentUrl":"https:\/\/rgnetic.com\/de\/wp-content\/uploads\/sites\/2\/2022\/10\/logo.png","width":552,"height":202,"caption":"Rgnetic (DE)"},"image":{"@id":"https:\/\/rgnetic.com\/de\/#\/schema\/logo\/image\/"},"sameAs":["https:\/\/www.instagram.com\/rgnetic\/"]}]}},"_links":{"self":[{"href":"https:\/\/rgnetic.com\/de\/wp-json\/wp\/v2\/pages\/3411","targetHints":{"allow":["GET"]}}],"collection":[{"href":"https:\/\/rgnetic.com\/de\/wp-json\/wp\/v2\/pages"}],"about":[{"href":"https:\/\/rgnetic.com\/de\/wp-json\/wp\/v2\/types\/page"}],"author":[{"embeddable":true,"href":"https:\/\/rgnetic.com\/de\/wp-json\/wp\/v2\/users\/2"}],"replies":[{"embeddable":true,"href":"https:\/\/rgnetic.com\/de\/wp-json\/wp\/v2\/comments?post=3411"}],"version-history":[{"count":6,"href":"https:\/\/rgnetic.com\/de\/wp-json\/wp\/v2\/pages\/3411\/revisions"}],"predecessor-version":[{"id":5421,"href":"https:\/\/rgnetic.com\/de\/wp-json\/wp\/v2\/pages\/3411\/revisions\/5421"}],"wp:attachment":[{"href":"https:\/\/rgnetic.com\/de\/wp-json\/wp\/v2\/media?parent=3411"}],"curies":[{"name":"wp","href":"https:\/\/api.w.org\/{rel}","templated":true}]}}