{"id":2216,"date":"2022-11-17T07:28:29","date_gmt":"2022-11-17T07:28:29","guid":{"rendered":"https:\/\/rgnetic.gurudesk.com\/?page_id=2216"},"modified":"2025-11-22T09:44:09","modified_gmt":"2025-11-22T08:44:09","slug":"vorher-nachher","status":"publish","type":"page","link":"https:\/\/rgnetic.com\/de\/vorher-nachher\/","title":{"rendered":"Vorher &#038; Nachher"},"content":{"rendered":"\t\t<div data-elementor-type=\"wp-page\" data-elementor-id=\"2216\" class=\"elementor elementor-2216\" data-elementor-post-type=\"page\">\n\t\t\t\t\t\t<section class=\"elementor-section elementor-top-section elementor-element elementor-element-3d442dd1 elementor-section-height-min-height elementor-section-boxed elementor-section-height-default elementor-section-items-middle\" data-id=\"3d442dd1\" data-element_type=\"section\" data-settings=\"{&quot;background_background&quot;:&quot;classic&quot;,&quot;_ha_eqh_enable&quot;:false}\">\n\t\t\t\t\t\t<div class=\"elementor-container elementor-column-gap-no\">\n\t\t\t\t\t<div class=\"elementor-column elementor-col-100 elementor-top-column elementor-element elementor-element-723f757a\" data-id=\"723f757a\" data-element_type=\"column\">\n\t\t\t<div class=\"elementor-widget-wrap elementor-element-populated\">\n\t\t\t\t\t\t<div class=\"elementor-element elementor-element-25748f3d elementor-widget elementor-widget-heading\" data-id=\"25748f3d\" data-element_type=\"widget\" data-widget_type=\"heading.default\">\n\t\t\t\t<div class=\"elementor-widget-container\">\n\t\t\t<style>\/*! elementor - v3.20.0 - 26-03-2024 *\/\n.elementor-heading-title{padding:0;margin:0;line-height:1}.elementor-widget-heading .elementor-heading-title[class*=elementor-size-]>a{color:inherit;font-size:inherit;line-height:inherit}.elementor-widget-heading .elementor-heading-title.elementor-size-small{font-size:15px}.elementor-widget-heading .elementor-heading-title.elementor-size-medium{font-size:19px}.elementor-widget-heading .elementor-heading-title.elementor-size-large{font-size:29px}.elementor-widget-heading .elementor-heading-title.elementor-size-xl{font-size:39px}.elementor-widget-heading .elementor-heading-title.elementor-size-xxl{font-size:59px}<\/style><h2 class=\"elementor-heading-title elementor-size-default\">Vorher & Nachher<\/h2>\t\t<\/div>\n\t\t\t\t<\/div>\n\t\t\t\t\t<\/div>\n\t\t<\/div>\n\t\t\t\t\t<\/div>\n\t\t<\/section>\n\t\t\t\t<section class=\"elementor-section elementor-top-section elementor-element elementor-element-497151d4 elementor-section-boxed elementor-section-height-default elementor-section-height-default\" data-id=\"497151d4\" data-element_type=\"section\" data-settings=\"{&quot;_ha_eqh_enable&quot;:false}\">\n\t\t\t\t\t\t<div class=\"elementor-container elementor-column-gap-default\">\n\t\t\t\t\t<div class=\"elementor-column elementor-col-100 elementor-top-column elementor-element elementor-element-f7b5c09\" data-id=\"f7b5c09\" data-element_type=\"column\">\n\t\t\t<div class=\"elementor-widget-wrap\">\n\t\t\t\t\t\t\t<\/div>\n\t\t<\/div>\n\t\t\t\t\t<\/div>\n\t\t<\/section>\n\t\t\t\t<section class=\"elementor-section elementor-top-section elementor-element elementor-element-50f9cea elementor-section-boxed elementor-section-height-default elementor-section-height-default\" data-id=\"50f9cea\" data-element_type=\"section\" data-settings=\"{&quot;_ha_eqh_enable&quot;:false}\">\n\t\t\t\t\t\t<div class=\"elementor-container elementor-column-gap-default\">\n\t\t\t\t\t<div class=\"elementor-column elementor-col-100 elementor-top-column elementor-element elementor-element-d04584c\" data-id=\"d04584c\" data-element_type=\"column\">\n\t\t\t<div class=\"elementor-widget-wrap elementor-element-populated\">\n\t\t\t\t\t\t<div class=\"elementor-element elementor-element-5fd4136 elementor-widget elementor-widget-heading\" data-id=\"5fd4136\" data-element_type=\"widget\" data-widget_type=\"heading.default\">\n\t\t\t\t<div class=\"elementor-widget-container\">\n\t\t\t<h1 class=\"elementor-heading-title elementor-size-default\">Ihre Zufriedenheit ist unser Ziel<\/h1>\t\t<\/div>\n\t\t\t\t<\/div>\n\t\t\t\t\t<\/div>\n\t\t<\/div>\n\t\t\t\t\t<\/div>\n\t\t<\/section>\n\t\t\t\t<section class=\"elementor-section elementor-top-section elementor-element elementor-element-574d770 elementor-section-boxed elementor-section-height-default elementor-section-height-default\" data-id=\"574d770\" data-element_type=\"section\" data-settings=\"{&quot;_ha_eqh_enable&quot;:false}\">\n\t\t\t\t\t\t<div class=\"elementor-container elementor-column-gap-default\">\n\t\t\t\t\t<div class=\"elementor-column elementor-col-100 elementor-top-column elementor-element elementor-element-6ca3811\" data-id=\"6ca3811\" data-element_type=\"column\">\n\t\t\t<div class=\"elementor-widget-wrap\">\n\t\t\t\t\t\t\t<\/div>\n\t\t<\/div>\n\t\t\t\t\t<\/div>\n\t\t<\/section>\n\t\t\t\t<section class=\"elementor-section elementor-top-section elementor-element elementor-element-0be3394 elementor-section-boxed elementor-section-height-default elementor-section-height-default\" data-id=\"0be3394\" data-element_type=\"section\" data-settings=\"{&quot;_ha_eqh_enable&quot;:false}\">\n\t\t\t\t\t\t<div class=\"elementor-container elementor-column-gap-default\">\n\t\t\t\t\t<div class=\"elementor-column elementor-col-100 elementor-top-column elementor-element elementor-element-f0dcf38\" data-id=\"f0dcf38\" data-element_type=\"column\">\n\t\t\t<div class=\"elementor-widget-wrap elementor-element-populated\">\n\t\t\t\t\t\t<div class=\"elementor-element elementor-element-a1b35bc elementor-widget__width-initial elementor-widget elementor-widget-text-editor\" data-id=\"a1b35bc\" data-element_type=\"widget\" data-widget_type=\"text-editor.default\">\n\t\t\t\t<div class=\"elementor-widget-container\">\n\t\t\t<style>\/*! elementor - v3.20.0 - 26-03-2024 *\/\n.elementor-widget-text-editor.elementor-drop-cap-view-stacked .elementor-drop-cap{background-color:#69727d;color:#fff}.elementor-widget-text-editor.elementor-drop-cap-view-framed .elementor-drop-cap{color:#69727d;border:3px solid;background-color:transparent}.elementor-widget-text-editor:not(.elementor-drop-cap-view-default) .elementor-drop-cap{margin-top:8px}.elementor-widget-text-editor:not(.elementor-drop-cap-view-default) .elementor-drop-cap-letter{width:1em;height:1em}.elementor-widget-text-editor .elementor-drop-cap{float:left;text-align:center;line-height:1;font-size:50px}.elementor-widget-text-editor .elementor-drop-cap-letter{display:inline-block}<\/style>\t\t\t\t<p class=\"p1\"><b>Ihre Zufriedenheit ist unser Ziel<\/b><b><\/b><\/p><p class=\"p2\">Erleben Sie herausragende Ergebnisse in der \u00e4sthetischen Chirurgie. Diskretion und Vertrauen stehen bei uns an erster Stelle. Leider d\u00fcrfen wir gem\u00e4\u00df dem Heilmittelwerbegesetz (HWG) keine Vorher-Nachher-Bilder unserer Patientinnen und Patienten auf unserer Website zeigen.<\/p><p class=\"p3\">\u00a0<\/p><p class=\"p1\"><b>M\u00f6chten Sie unsere Arbeit dennoch visuell erleben?<\/b><b><\/b><\/p><p class=\"p2\">Kontaktieren Sie uns einfach \u00fcber WhatsApp, um exklusiv Vorher-Nachher-Bilder zu erhalten.<\/p><p class=\"p2\"><i>Klicken Sie hier und schreiben Sie uns!<\/i><i><\/i><\/p><p class=\"p3\">\u00a0<\/p><p class=\"p1\"><b>Ihr Team f\u00fcr \u00e4sthetische Chirurgie<\/b><b><\/b><\/p><p class=\"p2\">Wir freuen uns darauf, von Ihnen zu h\u00f6ren.<\/p><p class=\"p2\">Wir freuen uns auf Sie!<\/p><p class=\"p3\">\u00a0<\/p><p class=\"p1\"><b>Rechtlicher Hinweis:<\/b><b><\/b><\/p><p>\u00a0<\/p><p class=\"p2\">Bitte beachten Sie, dass die Darstellung von Vorher-Nachher-Bildern im Rahmen eines Beratungsgespr\u00e4chs den Bestimmungen des Heilmittelwerbegesetzes (HWG) unterliegt. Unser Care-Team informiert Sie hierzu gerne umfassend.<\/p>\t\t\t\t\t\t<\/div>\n\t\t\t\t<\/div>\n\t\t\t\t<div class=\"elementor-element elementor-element-77a543d elementor-widget elementor-widget-spacer\" data-id=\"77a543d\" data-element_type=\"widget\" data-widget_type=\"spacer.default\">\n\t\t\t\t<div class=\"elementor-widget-container\">\n\t\t\t<style>\/*! elementor - v3.20.0 - 26-03-2024 *\/\n.elementor-column .elementor-spacer-inner{height:var(--spacer-size)}.e-con{--container-widget-width:100%}.e-con-inner>.elementor-widget-spacer,.e-con>.elementor-widget-spacer{width:var(--container-widget-width,var(--spacer-size));--align-self:var(--container-widget-align-self,initial);--flex-shrink:0}.e-con-inner>.elementor-widget-spacer>.elementor-widget-container,.e-con>.elementor-widget-spacer>.elementor-widget-container{height:100%;width:100%}.e-con-inner>.elementor-widget-spacer>.elementor-widget-container>.elementor-spacer,.e-con>.elementor-widget-spacer>.elementor-widget-container>.elementor-spacer{height:100%}.e-con-inner>.elementor-widget-spacer>.elementor-widget-container>.elementor-spacer>.elementor-spacer-inner,.e-con>.elementor-widget-spacer>.elementor-widget-container>.elementor-spacer>.elementor-spacer-inner{height:var(--container-widget-height,var(--spacer-size))}.e-con-inner>.elementor-widget-spacer.elementor-widget-empty,.e-con>.elementor-widget-spacer.elementor-widget-empty{position:relative;min-height:22px;min-width:22px}.e-con-inner>.elementor-widget-spacer.elementor-widget-empty .elementor-widget-empty-icon,.e-con>.elementor-widget-spacer.elementor-widget-empty .elementor-widget-empty-icon{position:absolute;top:0;bottom:0;left:0;right:0;margin:auto;padding:0;width:22px;height:22px}<\/style>\t\t<div class=\"elementor-spacer\">\n\t\t\t<div class=\"elementor-spacer-inner\"><\/div>\n\t\t<\/div>\n\t\t\t\t<\/div>\n\t\t\t\t<\/div>\n\t\t\t\t\t<\/div>\n\t\t<\/div>\n\t\t\t\t\t<\/div>\n\t\t<\/section>\n\t\t\t\t<\/div>\n\t\t","protected":false},"excerpt":{"rendered":"<p>Vorher &#038; Nachher Ihre Zufriedenheit ist unser Ziel Ihre Zufriedenheit ist unser Ziel Erleben Sie herausragende Ergebnisse in der \u00e4sthetischen Chirurgie. Diskretion und Vertrauen stehen bei uns an erster Stelle. Leider d\u00fcrfen wir gem\u00e4\u00df dem Heilmittelwerbegesetz (HWG) keine Vorher-Nachher-Bilder unserer Patientinnen und Patienten auf unserer Website zeigen. \u00a0 M\u00f6chten Sie unsere Arbeit dennoch visuell erleben? [&hellip;]<\/p>\n","protected":false},"author":2,"featured_media":0,"parent":0,"menu_order":0,"comment_status":"closed","ping_status":"closed","template":"","meta":{"_acf_changed":false,"footnotes":""},"class_list":["post-2216","page","type-page","status-publish","hentry"],"acf":[],"yoast_head":"<!-- This site is optimized with the Yoast SEO plugin v22.3 - https:\/\/yoast.com\/wordpress\/plugins\/seo\/ -->\n<title>Vorher &amp; Nachher - Rgnetic (DE)<\/title>\n<meta name=\"robots\" content=\"index, follow, max-snippet:-1, max-image-preview:large, max-video-preview:-1\" \/>\n<link rel=\"canonical\" href=\"https:\/\/rgnetic.com\/de\/vorher-nachher\/\" \/>\n<meta property=\"og:locale\" content=\"de_DE\" \/>\n<meta property=\"og:type\" content=\"article\" \/>\n<meta property=\"og:title\" content=\"Vorher &amp; Nachher - Rgnetic (DE)\" \/>\n<meta property=\"og:description\" content=\"Vorher &#038; Nachher Ihre Zufriedenheit ist unser Ziel Ihre Zufriedenheit ist unser Ziel Erleben Sie herausragende Ergebnisse in der \u00e4sthetischen Chirurgie. Diskretion und Vertrauen stehen bei uns an erster Stelle. Leider d\u00fcrfen wir gem\u00e4\u00df dem Heilmittelwerbegesetz (HWG) keine Vorher-Nachher-Bilder unserer Patientinnen und Patienten auf unserer Website zeigen. \u00a0 M\u00f6chten Sie unsere Arbeit dennoch visuell erleben? [&hellip;]\" \/>\n<meta property=\"og:url\" content=\"https:\/\/rgnetic.com\/de\/vorher-nachher\/\" \/>\n<meta property=\"og:site_name\" content=\"Rgnetic (DE)\" \/>\n<meta property=\"article:modified_time\" content=\"2025-11-22T08:44:09+00:00\" \/>\n<meta name=\"twitter:card\" content=\"summary_large_image\" \/>\n<meta name=\"twitter:label1\" content=\"Gesch\u00e4tzte Lesezeit\" \/>\n\t<meta name=\"twitter:data1\" content=\"1\u00a0Minute\" \/>\n<script type=\"application\/ld+json\" class=\"yoast-schema-graph\">{\"@context\":\"https:\/\/schema.org\",\"@graph\":[{\"@type\":\"WebPage\",\"@id\":\"https:\/\/rgnetic.com\/de\/vorher-nachher\/\",\"url\":\"https:\/\/rgnetic.com\/de\/vorher-nachher\/\",\"name\":\"Vorher & Nachher - Rgnetic (DE)\",\"isPartOf\":{\"@id\":\"https:\/\/rgnetic.com\/de\/#website\"},\"datePublished\":\"2022-11-17T07:28:29+00:00\",\"dateModified\":\"2025-11-22T08:44:09+00:00\",\"breadcrumb\":{\"@id\":\"https:\/\/rgnetic.com\/de\/vorher-nachher\/#breadcrumb\"},\"inLanguage\":\"de\",\"potentialAction\":[{\"@type\":\"ReadAction\",\"target\":[\"https:\/\/rgnetic.com\/de\/vorher-nachher\/\"]}]},{\"@type\":\"BreadcrumbList\",\"@id\":\"https:\/\/rgnetic.com\/de\/vorher-nachher\/#breadcrumb\",\"itemListElement\":[{\"@type\":\"ListItem\",\"position\":1,\"name\":\"Home\",\"item\":\"https:\/\/rgnetic.com\/de\/\"},{\"@type\":\"ListItem\",\"position\":2,\"name\":\"Vorher &#038; Nachher\"}]},{\"@type\":\"WebSite\",\"@id\":\"https:\/\/rgnetic.com\/de\/#website\",\"url\":\"https:\/\/rgnetic.com\/de\/\",\"name\":\"Rgnetic (DE)\",\"description\":\"Healthy &amp; Beauty\",\"publisher\":{\"@id\":\"https:\/\/rgnetic.com\/de\/#organization\"},\"potentialAction\":[{\"@type\":\"SearchAction\",\"target\":{\"@type\":\"EntryPoint\",\"urlTemplate\":\"https:\/\/rgnetic.com\/de\/?s={search_term_string}\"},\"query-input\":\"required name=search_term_string\"}],\"inLanguage\":\"de\"},{\"@type\":\"Organization\",\"@id\":\"https:\/\/rgnetic.com\/de\/#organization\",\"name\":\"Rgnetic (DE)\",\"url\":\"https:\/\/rgnetic.com\/de\/\",\"logo\":{\"@type\":\"ImageObject\",\"inLanguage\":\"de\",\"@id\":\"https:\/\/rgnetic.com\/de\/#\/schema\/logo\/image\/\",\"url\":\"https:\/\/rgnetic.com\/de\/wp-content\/uploads\/sites\/2\/2022\/10\/logo.png\",\"contentUrl\":\"https:\/\/rgnetic.com\/de\/wp-content\/uploads\/sites\/2\/2022\/10\/logo.png\",\"width\":552,\"height\":202,\"caption\":\"Rgnetic (DE)\"},\"image\":{\"@id\":\"https:\/\/rgnetic.com\/de\/#\/schema\/logo\/image\/\"},\"sameAs\":[\"https:\/\/www.instagram.com\/rgnetic\/\"]}]}<\/script>\n<!-- \/ Yoast SEO plugin. -->","yoast_head_json":{"title":"Vorher & Nachher - Rgnetic (DE)","robots":{"index":"index","follow":"follow","max-snippet":"max-snippet:-1","max-image-preview":"max-image-preview:large","max-video-preview":"max-video-preview:-1"},"canonical":"https:\/\/rgnetic.com\/de\/vorher-nachher\/","og_locale":"de_DE","og_type":"article","og_title":"Vorher & Nachher - Rgnetic (DE)","og_description":"Vorher &#038; Nachher Ihre Zufriedenheit ist unser Ziel Ihre Zufriedenheit ist unser Ziel Erleben Sie herausragende Ergebnisse in der \u00e4sthetischen Chirurgie. Diskretion und Vertrauen stehen bei uns an erster Stelle. Leider d\u00fcrfen wir gem\u00e4\u00df dem Heilmittelwerbegesetz (HWG) keine Vorher-Nachher-Bilder unserer Patientinnen und Patienten auf unserer Website zeigen. \u00a0 M\u00f6chten Sie unsere Arbeit dennoch visuell erleben? [&hellip;]","og_url":"https:\/\/rgnetic.com\/de\/vorher-nachher\/","og_site_name":"Rgnetic (DE)","article_modified_time":"2025-11-22T08:44:09+00:00","twitter_card":"summary_large_image","twitter_misc":{"Gesch\u00e4tzte Lesezeit":"1\u00a0Minute"},"schema":{"@context":"https:\/\/schema.org","@graph":[{"@type":"WebPage","@id":"https:\/\/rgnetic.com\/de\/vorher-nachher\/","url":"https:\/\/rgnetic.com\/de\/vorher-nachher\/","name":"Vorher & Nachher - Rgnetic (DE)","isPartOf":{"@id":"https:\/\/rgnetic.com\/de\/#website"},"datePublished":"2022-11-17T07:28:29+00:00","dateModified":"2025-11-22T08:44:09+00:00","breadcrumb":{"@id":"https:\/\/rgnetic.com\/de\/vorher-nachher\/#breadcrumb"},"inLanguage":"de","potentialAction":[{"@type":"ReadAction","target":["https:\/\/rgnetic.com\/de\/vorher-nachher\/"]}]},{"@type":"BreadcrumbList","@id":"https:\/\/rgnetic.com\/de\/vorher-nachher\/#breadcrumb","itemListElement":[{"@type":"ListItem","position":1,"name":"Home","item":"https:\/\/rgnetic.com\/de\/"},{"@type":"ListItem","position":2,"name":"Vorher &#038; Nachher"}]},{"@type":"WebSite","@id":"https:\/\/rgnetic.com\/de\/#website","url":"https:\/\/rgnetic.com\/de\/","name":"Rgnetic (DE)","description":"Healthy &amp; Beauty","publisher":{"@id":"https:\/\/rgnetic.com\/de\/#organization"},"potentialAction":[{"@type":"SearchAction","target":{"@type":"EntryPoint","urlTemplate":"https:\/\/rgnetic.com\/de\/?s={search_term_string}"},"query-input":"required name=search_term_string"}],"inLanguage":"de"},{"@type":"Organization","@id":"https:\/\/rgnetic.com\/de\/#organization","name":"Rgnetic (DE)","url":"https:\/\/rgnetic.com\/de\/","logo":{"@type":"ImageObject","inLanguage":"de","@id":"https:\/\/rgnetic.com\/de\/#\/schema\/logo\/image\/","url":"https:\/\/rgnetic.com\/de\/wp-content\/uploads\/sites\/2\/2022\/10\/logo.png","contentUrl":"https:\/\/rgnetic.com\/de\/wp-content\/uploads\/sites\/2\/2022\/10\/logo.png","width":552,"height":202,"caption":"Rgnetic (DE)"},"image":{"@id":"https:\/\/rgnetic.com\/de\/#\/schema\/logo\/image\/"},"sameAs":["https:\/\/www.instagram.com\/rgnetic\/"]}]}},"_links":{"self":[{"href":"https:\/\/rgnetic.com\/de\/wp-json\/wp\/v2\/pages\/2216","targetHints":{"allow":["GET"]}}],"collection":[{"href":"https:\/\/rgnetic.com\/de\/wp-json\/wp\/v2\/pages"}],"about":[{"href":"https:\/\/rgnetic.com\/de\/wp-json\/wp\/v2\/types\/page"}],"author":[{"embeddable":true,"href":"https:\/\/rgnetic.com\/de\/wp-json\/wp\/v2\/users\/2"}],"replies":[{"embeddable":true,"href":"https:\/\/rgnetic.com\/de\/wp-json\/wp\/v2\/comments?post=2216"}],"version-history":[{"count":28,"href":"https:\/\/rgnetic.com\/de\/wp-json\/wp\/v2\/pages\/2216\/revisions"}],"predecessor-version":[{"id":5437,"href":"https:\/\/rgnetic.com\/de\/wp-json\/wp\/v2\/pages\/2216\/revisions\/5437"}],"wp:attachment":[{"href":"https:\/\/rgnetic.com\/de\/wp-json\/wp\/v2\/media?parent=2216"}],"curies":[{"name":"wp","href":"https:\/\/api.w.org\/{rel}","templated":true}]}}