{"id":1944,"date":"2022-11-15T07:56:41","date_gmt":"2022-11-15T07:56:41","guid":{"rendered":"https:\/\/rgnetic.gurudesk.com\/?page_id=1944"},"modified":"2024-08-21T14:19:16","modified_gmt":"2024-08-21T12:19:16","slug":"finanzierung","status":"publish","type":"page","link":"https:\/\/rgnetic.com\/de\/finanzierung\/","title":{"rendered":"Finanzierung"},"content":{"rendered":"\t\t<div data-elementor-type=\"wp-page\" data-elementor-id=\"1944\" class=\"elementor elementor-1944\" data-elementor-post-type=\"page\">\n\t\t\t\t\t\t<section class=\"elementor-section elementor-top-section elementor-element elementor-element-b24122a elementor-section-height-min-height elementor-section-boxed elementor-section-height-default elementor-section-items-middle\" data-id=\"b24122a\" data-element_type=\"section\" data-settings=\"{&quot;background_background&quot;:&quot;classic&quot;,&quot;_ha_eqh_enable&quot;:false}\">\n\t\t\t\t\t\t\t<div class=\"elementor-background-overlay\"><\/div>\n\t\t\t\t\t\t\t<div class=\"elementor-container elementor-column-gap-no\">\n\t\t\t\t\t<div class=\"elementor-column elementor-col-100 elementor-top-column elementor-element elementor-element-33f4843\" data-id=\"33f4843\" data-element_type=\"column\">\n\t\t\t<div class=\"elementor-widget-wrap elementor-element-populated\">\n\t\t\t\t\t\t<div class=\"elementor-element elementor-element-43c60f8 elementor-widget elementor-widget-heading\" data-id=\"43c60f8\" data-element_type=\"widget\" data-widget_type=\"heading.default\">\n\t\t\t\t<div class=\"elementor-widget-container\">\n\t\t\t<style>\/*! elementor - v3.20.0 - 26-03-2024 *\/\n.elementor-heading-title{padding:0;margin:0;line-height:1}.elementor-widget-heading .elementor-heading-title[class*=elementor-size-]>a{color:inherit;font-size:inherit;line-height:inherit}.elementor-widget-heading .elementor-heading-title.elementor-size-small{font-size:15px}.elementor-widget-heading .elementor-heading-title.elementor-size-medium{font-size:19px}.elementor-widget-heading .elementor-heading-title.elementor-size-large{font-size:29px}.elementor-widget-heading .elementor-heading-title.elementor-size-xl{font-size:39px}.elementor-widget-heading .elementor-heading-title.elementor-size-xxl{font-size:59px}<\/style><h2 class=\"elementor-heading-title elementor-size-default\">Finanzierung<\/h2>\t\t<\/div>\n\t\t\t\t<\/div>\n\t\t\t\t\t<\/div>\n\t\t<\/div>\n\t\t\t\t\t<\/div>\n\t\t<\/section>\n\t\t\t\t<section class=\"elementor-section elementor-top-section elementor-element elementor-element-1b7da77 elementor-section-boxed elementor-section-height-default elementor-section-height-default\" data-id=\"1b7da77\" data-element_type=\"section\" data-settings=\"{&quot;_ha_eqh_enable&quot;:false}\">\n\t\t\t\t\t\t<div class=\"elementor-container elementor-column-gap-default\">\n\t\t\t\t\t<div class=\"elementor-column elementor-col-100 elementor-top-column elementor-element elementor-element-c98eddf\" data-id=\"c98eddf\" data-element_type=\"column\">\n\t\t\t<div class=\"elementor-widget-wrap elementor-element-populated\">\n\t\t\t\t\t\t<div class=\"elementor-element elementor-element-e7344d8 elementor-widget elementor-widget-heading\" data-id=\"e7344d8\" data-element_type=\"widget\" data-widget_type=\"heading.default\">\n\t\t\t\t<div class=\"elementor-widget-container\">\n\t\t\t<h2 class=\"elementor-heading-title elementor-size-default\">Patientenfreundliche Finanzierung<\/h2>\t\t<\/div>\n\t\t\t\t<\/div>\n\t\t\t\t\t<\/div>\n\t\t<\/div>\n\t\t\t\t\t<\/div>\n\t\t<\/section>\n\t\t\t\t<section class=\"elementor-section elementor-top-section elementor-element elementor-element-73213f7 elementor-section-content-middle elementor-section-boxed elementor-section-height-default elementor-section-height-default\" data-id=\"73213f7\" data-element_type=\"section\" data-settings=\"{&quot;_ha_eqh_enable&quot;:false}\">\n\t\t\t\t\t\t<div class=\"elementor-container elementor-column-gap-default\">\n\t\t\t\t\t<div class=\"elementor-column elementor-col-50 elementor-top-column elementor-element elementor-element-0771c63\" data-id=\"0771c63\" data-element_type=\"column\">\n\t\t\t<div class=\"elementor-widget-wrap elementor-element-populated\">\n\t\t\t\t\t\t<div class=\"elementor-element elementor-element-e52b746 elementor-widget__width-initial elementor-widget elementor-widget-text-editor\" data-id=\"e52b746\" data-element_type=\"widget\" data-widget_type=\"text-editor.default\">\n\t\t\t\t<div class=\"elementor-widget-container\">\n\t\t\t<style>\/*! elementor - v3.20.0 - 26-03-2024 *\/\n.elementor-widget-text-editor.elementor-drop-cap-view-stacked .elementor-drop-cap{background-color:#69727d;color:#fff}.elementor-widget-text-editor.elementor-drop-cap-view-framed .elementor-drop-cap{color:#69727d;border:3px solid;background-color:transparent}.elementor-widget-text-editor:not(.elementor-drop-cap-view-default) .elementor-drop-cap{margin-top:8px}.elementor-widget-text-editor:not(.elementor-drop-cap-view-default) .elementor-drop-cap-letter{width:1em;height:1em}.elementor-widget-text-editor .elementor-drop-cap{float:left;text-align:center;line-height:1;font-size:50px}.elementor-widget-text-editor .elementor-drop-cap-letter{display:inline-block}<\/style>\t\t\t\t<p>Wir m\u00f6chten Sie bestm\u00f6glich auf dem Weg zu Ihrer Wunschbehandlung unterst\u00fctzen. Mit unserem patientenfreundlichen Finanzierungsangebot \u00fcber unser Partner Gesellschaft k\u00f6nnen Sie die Kosten einer Behandlung ganz bequem in Raten zahlen.<\/p>\t\t\t\t\t\t<\/div>\n\t\t\t\t<\/div>\n\t\t\t\t\t<\/div>\n\t\t<\/div>\n\t\t\t\t<div class=\"elementor-column elementor-col-50 elementor-top-column elementor-element elementor-element-6c65834\" data-id=\"6c65834\" data-element_type=\"column\">\n\t\t\t<div class=\"elementor-widget-wrap elementor-element-populated\">\n\t\t\t\t\t\t<div class=\"elementor-element elementor-element-2c41ef5 elementor-widget elementor-widget-image\" data-id=\"2c41ef5\" data-element_type=\"widget\" data-widget_type=\"image.default\">\n\t\t\t\t<div class=\"elementor-widget-container\">\n\t\t\t<style>\/*! elementor - v3.20.0 - 26-03-2024 *\/\n.elementor-widget-image{text-align:center}.elementor-widget-image a{display:inline-block}.elementor-widget-image a img[src$=\".svg\"]{width:48px}.elementor-widget-image img{vertical-align:middle;display:inline-block}<\/style>\t\t\t\t\t\t\t\t\t\t<img fetchpriority=\"high\" decoding=\"async\" width=\"402\" height=\"402\" src=\"https:\/\/rgnetic.com\/de\/wp-content\/uploads\/sites\/2\/2022\/11\/Filing-system-pana-1.svg\" class=\"attachment-full size-full wp-image-1988\" alt=\"\" \/>\t\t\t\t\t\t\t\t\t\t\t\t\t<\/div>\n\t\t\t\t<\/div>\n\t\t\t\t\t<\/div>\n\t\t<\/div>\n\t\t\t\t\t<\/div>\n\t\t<\/section>\n\t\t\t\t<section class=\"elementor-section elementor-top-section elementor-element elementor-element-0db86cc elementor-section-content-middle elementor-section-boxed elementor-section-height-default elementor-section-height-default\" data-id=\"0db86cc\" data-element_type=\"section\" data-settings=\"{&quot;_ha_eqh_enable&quot;:false}\">\n\t\t\t\t\t\t<div class=\"elementor-container elementor-column-gap-default\">\n\t\t\t\t\t<div class=\"elementor-column elementor-col-50 elementor-top-column elementor-element elementor-element-591565b\" data-id=\"591565b\" data-element_type=\"column\">\n\t\t\t<div class=\"elementor-widget-wrap elementor-element-populated\">\n\t\t\t\t\t\t<div class=\"elementor-element elementor-element-b41c518 elementor-widget elementor-widget-heading\" data-id=\"b41c518\" data-element_type=\"widget\" data-widget_type=\"heading.default\">\n\t\t\t\t<div class=\"elementor-widget-container\">\n\t\t\t<h2 class=\"elementor-heading-title elementor-size-default\">Ihre Vorteile einer Ratenzahlungsvereinbarung auf einen Blick:<\/h2>\t\t<\/div>\n\t\t\t\t<\/div>\n\t\t\t\t<div class=\"elementor-element elementor-element-13f90ae elementor-widget__width-initial elementor-widget elementor-widget-text-editor\" data-id=\"13f90ae\" data-element_type=\"widget\" data-widget_type=\"text-editor.default\">\n\t\t\t\t<div class=\"elementor-widget-container\">\n\t\t\t\t\t\t\t<ul><li>Sie bleiben finanziell flexibel.<\/li><li>Sie m\u00fcssen Ihre Ersparnisse nicht anfassen.<\/li><li>Sie k\u00f6nnen sich f\u00fcr Ihre Wunschbehandlung entscheiden.<\/li><li>Die OP kann zeitnah erfolgen.<\/li><\/ul>\t\t\t\t\t\t<\/div>\n\t\t\t\t<\/div>\n\t\t\t\t\t<\/div>\n\t\t<\/div>\n\t\t\t\t<div class=\"elementor-column elementor-col-50 elementor-top-column elementor-element elementor-element-8d2ad96\" data-id=\"8d2ad96\" data-element_type=\"column\">\n\t\t\t<div class=\"elementor-widget-wrap elementor-element-populated\">\n\t\t\t\t\t\t<div class=\"elementor-element elementor-element-85c8b27 elementor-widget elementor-widget-image\" data-id=\"85c8b27\" data-element_type=\"widget\" data-widget_type=\"image.default\">\n\t\t\t\t<div class=\"elementor-widget-container\">\n\t\t\t\t\t\t\t\t\t\t\t\t\t<img decoding=\"async\" width=\"389\" height=\"390\" src=\"https:\/\/rgnetic.com\/de\/wp-content\/uploads\/sites\/2\/2022\/11\/Doctor-pana-1.svg\" class=\"attachment-full size-full wp-image-1998\" alt=\"\" \/>\t\t\t\t\t\t\t\t\t\t\t\t\t<\/div>\n\t\t\t\t<\/div>\n\t\t\t\t\t<\/div>\n\t\t<\/div>\n\t\t\t\t\t<\/div>\n\t\t<\/section>\n\t\t\t\t<section class=\"elementor-section elementor-top-section elementor-element elementor-element-8638334 elementor-section-content-middle elementor-section-boxed elementor-section-height-default elementor-section-height-default\" data-id=\"8638334\" data-element_type=\"section\" data-settings=\"{&quot;_ha_eqh_enable&quot;:false}\">\n\t\t\t\t\t\t<div class=\"elementor-container elementor-column-gap-default\">\n\t\t\t\t\t<div class=\"elementor-column elementor-col-50 elementor-top-column elementor-element elementor-element-13adf95\" data-id=\"13adf95\" data-element_type=\"column\">\n\t\t\t<div class=\"elementor-widget-wrap elementor-element-populated\">\n\t\t\t\t\t\t<div class=\"elementor-element elementor-element-d7dd5e6 elementor-widget elementor-widget-heading\" data-id=\"d7dd5e6\" data-element_type=\"widget\" data-widget_type=\"heading.default\">\n\t\t\t\t<div class=\"elementor-widget-container\">\n\t\t\t<h2 class=\"elementor-heading-title elementor-size-default\">Wie funktioniert die Finanzierung?<\/h2>\t\t<\/div>\n\t\t\t\t<\/div>\n\t\t\t\t<div class=\"elementor-element elementor-element-884d466 elementor-widget elementor-widget-text-editor\" data-id=\"884d466\" data-element_type=\"widget\" data-widget_type=\"text-editor.default\">\n\t\t\t\t<div class=\"elementor-widget-container\">\n\t\t\t\t\t\t\t<p class=\"MsoNormal\">Eine Finanzierung ist die perfekte L\u00f6sung f\u00fcr alle, die ihren bevorstehenden Eingriff bequem in Monatsraten begleichen m\u00f6chten. Dank unserer Zusammenarbeit mit Partner Gesellschaft bieten wir Behandlungen f\u00fcr jeden Geldbeutel an, ohne dass Sie auf Ihre Ersparnisse zur\u00fcckgreifen m\u00fcssen.<\/p>\t\t\t\t\t\t<\/div>\n\t\t\t\t<\/div>\n\t\t\t\t\t<\/div>\n\t\t<\/div>\n\t\t\t\t<div class=\"elementor-column elementor-col-50 elementor-top-column elementor-element elementor-element-cce19e1\" data-id=\"cce19e1\" data-element_type=\"column\">\n\t\t\t<div class=\"elementor-widget-wrap elementor-element-populated\">\n\t\t\t\t\t\t<div class=\"elementor-element elementor-element-8f4b169 elementor-widget elementor-widget-image\" data-id=\"8f4b169\" data-element_type=\"widget\" data-widget_type=\"image.default\">\n\t\t\t\t<div class=\"elementor-widget-container\">\n\t\t\t\t\t\t\t\t\t\t\t\t\t<img decoding=\"async\" width=\"376\" height=\"354\" src=\"https:\/\/rgnetic.com\/de\/wp-content\/uploads\/sites\/2\/2022\/11\/finance_1.svg\" class=\"attachment-full size-full wp-image-1963\" alt=\"\" \/>\t\t\t\t\t\t\t\t\t\t\t\t\t<\/div>\n\t\t\t\t<\/div>\n\t\t\t\t\t<\/div>\n\t\t<\/div>\n\t\t\t\t\t<\/div>\n\t\t<\/section>\n\t\t\t\t<section class=\"elementor-section elementor-top-section elementor-element elementor-element-5391c22 elementor-section-content-middle elementor-section-boxed elementor-section-height-default elementor-section-height-default\" data-id=\"5391c22\" data-element_type=\"section\" data-settings=\"{&quot;_ha_eqh_enable&quot;:false}\">\n\t\t\t\t\t\t<div class=\"elementor-container elementor-column-gap-default\">\n\t\t\t\t\t<div class=\"elementor-column elementor-col-100 elementor-top-column elementor-element elementor-element-ac55922\" data-id=\"ac55922\" data-element_type=\"column\">\n\t\t\t<div class=\"elementor-widget-wrap elementor-element-populated\">\n\t\t\t\t\t\t<div class=\"elementor-element elementor-element-b033034 elementor-widget elementor-widget-heading\" data-id=\"b033034\" data-element_type=\"widget\" data-widget_type=\"heading.default\">\n\t\t\t\t<div class=\"elementor-widget-container\">\n\t\t\t<h2 class=\"elementor-heading-title elementor-size-default\">Wie kann ich die Ratenzahlung beantragen?\u200b<\/h2>\t\t<\/div>\n\t\t\t\t<\/div>\n\t\t\t\t<div class=\"elementor-element elementor-element-8382258 elementor-widget elementor-widget-text-editor\" data-id=\"8382258\" data-element_type=\"widget\" data-widget_type=\"text-editor.default\">\n\t\t\t\t<div class=\"elementor-widget-container\">\n\t\t\t\t\t\t\t<h2>Ganz einfach!\u00a0<\/h2><h2>Wenn Sie ausf\u00fchrliche Informationen \u00fcber die Finanzierungsm\u00f6glichkeiten und Zinsen w\u00fcnschen, dr\u00fccken Sie unten den Button.\u00a0<\/h2>\t\t\t\t\t\t<\/div>\n\t\t\t\t<\/div>\n\t\t\t\t<div class=\"elementor-element elementor-element-a870506 elementor-button-info elementor-align-center elementor-widget elementor-widget-button\" data-id=\"a870506\" data-element_type=\"widget\" data-widget_type=\"button.default\">\n\t\t\t\t<div class=\"elementor-widget-container\">\n\t\t\t\t\t<div class=\"elementor-button-wrapper\">\n\t\t\t<a class=\"elementor-button elementor-button-link elementor-size-sm\" href=\"https:\/\/wa.me\/905335622671?text=FinanzierungInfo\" target=\"_blank\">\n\t\t\t\t\t\t<span class=\"elementor-button-content-wrapper\">\n\t\t\t\t\t\t<span class=\"elementor-button-icon elementor-align-icon-left\">\n\t\t\t\t<i aria-hidden=\"true\" class=\"hm hm-info\"><\/i>\t\t\t<\/span>\n\t\t\t\t\t\t<span class=\"elementor-button-text\">Finanzierung Info<\/span>\n\t\t<\/span>\n\t\t\t\t\t<\/a>\n\t\t<\/div>\n\t\t\t\t<\/div>\n\t\t\t\t<\/div>\n\t\t\t\t<div class=\"elementor-element elementor-element-52cd82f elementor-widget elementor-widget-spacer\" data-id=\"52cd82f\" data-element_type=\"widget\" data-widget_type=\"spacer.default\">\n\t\t\t\t<div class=\"elementor-widget-container\">\n\t\t\t<style>\/*! elementor - v3.20.0 - 26-03-2024 *\/\n.elementor-column .elementor-spacer-inner{height:var(--spacer-size)}.e-con{--container-widget-width:100%}.e-con-inner>.elementor-widget-spacer,.e-con>.elementor-widget-spacer{width:var(--container-widget-width,var(--spacer-size));--align-self:var(--container-widget-align-self,initial);--flex-shrink:0}.e-con-inner>.elementor-widget-spacer>.elementor-widget-container,.e-con>.elementor-widget-spacer>.elementor-widget-container{height:100%;width:100%}.e-con-inner>.elementor-widget-spacer>.elementor-widget-container>.elementor-spacer,.e-con>.elementor-widget-spacer>.elementor-widget-container>.elementor-spacer{height:100%}.e-con-inner>.elementor-widget-spacer>.elementor-widget-container>.elementor-spacer>.elementor-spacer-inner,.e-con>.elementor-widget-spacer>.elementor-widget-container>.elementor-spacer>.elementor-spacer-inner{height:var(--container-widget-height,var(--spacer-size))}.e-con-inner>.elementor-widget-spacer.elementor-widget-empty,.e-con>.elementor-widget-spacer.elementor-widget-empty{position:relative;min-height:22px;min-width:22px}.e-con-inner>.elementor-widget-spacer.elementor-widget-empty .elementor-widget-empty-icon,.e-con>.elementor-widget-spacer.elementor-widget-empty .elementor-widget-empty-icon{position:absolute;top:0;bottom:0;left:0;right:0;margin:auto;padding:0;width:22px;height:22px}<\/style>\t\t<div class=\"elementor-spacer\">\n\t\t\t<div class=\"elementor-spacer-inner\"><\/div>\n\t\t<\/div>\n\t\t\t\t<\/div>\n\t\t\t\t<\/div>\n\t\t\t\t\t<\/div>\n\t\t<\/div>\n\t\t\t\t\t<\/div>\n\t\t<\/section>\n\t\t\t\t<\/div>\n\t\t","protected":false},"excerpt":{"rendered":"<p>Patientenfreundliche Finanzierung Wir m\u00f6chten Sie bestm\u00f6glich auf dem Weg zu Ihrer Wunschbehandlung unterst\u00fctzen. Mit unserem patientenfreundlichen Finanzierungsangebot \u00fcber unser Partner Gesellschaft k\u00f6nnen Sie die Kosten einer Behandlung ganz bequem in Raten zahlen. Ihre Vorteile einer Ratenzahlungsvereinbarung auf einen Blick: Sie bleiben finanziell flexibel. Sie m\u00fcssen Ihre Ersparnisse nicht anfassen. Sie k\u00f6nnen sich f\u00fcr Ihre Wunschbehandlung [&hellip;]<\/p>\n","protected":false},"author":2,"featured_media":0,"parent":0,"menu_order":0,"comment_status":"closed","ping_status":"closed","template":"","meta":{"_acf_changed":false,"footnotes":""},"class_list":["post-1944","page","type-page","status-publish","hentry"],"acf":[],"yoast_head":"<!-- This site is optimized with the Yoast SEO plugin v22.3 - https:\/\/yoast.com\/wordpress\/plugins\/seo\/ -->\n<title>Finanzierung - Rgnetic (DE)<\/title>\n<meta name=\"description\" content=\"Erm\u00f6glichen Sie sich Ihre Wunschbehandlung mit der flexiblen Ratenzahlung \u00fcber unser Partner. Finanzieren Sie Ihre OP-Kosten bequem und bleiben Sie finanziell flexibel. Erfahren Sie mehr!\" \/>\n<meta name=\"robots\" content=\"index, follow, max-snippet:-1, max-image-preview:large, max-video-preview:-1\" \/>\n<link rel=\"canonical\" href=\"https:\/\/rgnetic.com\/de\/finanzierung\/\" \/>\n<meta property=\"og:locale\" content=\"de_DE\" \/>\n<meta property=\"og:type\" content=\"article\" \/>\n<meta property=\"og:title\" content=\"Finanzierung - Rgnetic (DE)\" \/>\n<meta property=\"og:description\" content=\"Erm\u00f6glichen Sie sich Ihre Wunschbehandlung mit der flexiblen Ratenzahlung \u00fcber unser Partner. Finanzieren Sie Ihre OP-Kosten bequem und bleiben Sie finanziell flexibel. Erfahren Sie mehr!\" \/>\n<meta property=\"og:url\" content=\"https:\/\/rgnetic.com\/de\/finanzierung\/\" \/>\n<meta property=\"og:site_name\" content=\"Rgnetic (DE)\" \/>\n<meta property=\"article:modified_time\" content=\"2024-08-21T12:19:16+00:00\" \/>\n<meta property=\"og:image\" content=\"https:\/\/rgnetic.com\/de\/wp-content\/uploads\/sites\/2\/2022\/11\/Filing-system-pana-1.svg\" \/>\n<meta name=\"twitter:card\" content=\"summary_large_image\" \/>\n<meta name=\"twitter:label1\" content=\"Gesch\u00e4tzte Lesezeit\" \/>\n\t<meta name=\"twitter:data1\" content=\"2\u00a0Minuten\" \/>\n<script type=\"application\/ld+json\" class=\"yoast-schema-graph\">{\"@context\":\"https:\/\/schema.org\",\"@graph\":[{\"@type\":\"WebPage\",\"@id\":\"https:\/\/rgnetic.com\/de\/finanzierung\/\",\"url\":\"https:\/\/rgnetic.com\/de\/finanzierung\/\",\"name\":\"Finanzierung - Rgnetic (DE)\",\"isPartOf\":{\"@id\":\"https:\/\/rgnetic.com\/de\/#website\"},\"primaryImageOfPage\":{\"@id\":\"https:\/\/rgnetic.com\/de\/finanzierung\/#primaryimage\"},\"image\":{\"@id\":\"https:\/\/rgnetic.com\/de\/finanzierung\/#primaryimage\"},\"thumbnailUrl\":\"https:\/\/rgnetic.com\/de\/wp-content\/uploads\/sites\/2\/2022\/11\/Filing-system-pana-1.svg\",\"datePublished\":\"2022-11-15T07:56:41+00:00\",\"dateModified\":\"2024-08-21T12:19:16+00:00\",\"description\":\"Erm\u00f6glichen Sie sich Ihre Wunschbehandlung mit der flexiblen Ratenzahlung \u00fcber unser Partner. Finanzieren Sie Ihre OP-Kosten bequem und bleiben Sie finanziell flexibel. Erfahren Sie mehr!\",\"breadcrumb\":{\"@id\":\"https:\/\/rgnetic.com\/de\/finanzierung\/#breadcrumb\"},\"inLanguage\":\"de\",\"potentialAction\":[{\"@type\":\"ReadAction\",\"target\":[\"https:\/\/rgnetic.com\/de\/finanzierung\/\"]}]},{\"@type\":\"ImageObject\",\"inLanguage\":\"de\",\"@id\":\"https:\/\/rgnetic.com\/de\/finanzierung\/#primaryimage\",\"url\":\"https:\/\/rgnetic.com\/de\/wp-content\/uploads\/sites\/2\/2022\/11\/Filing-system-pana-1.svg\",\"contentUrl\":\"https:\/\/rgnetic.com\/de\/wp-content\/uploads\/sites\/2\/2022\/11\/Filing-system-pana-1.svg\",\"width\":402,\"height\":402},{\"@type\":\"BreadcrumbList\",\"@id\":\"https:\/\/rgnetic.com\/de\/finanzierung\/#breadcrumb\",\"itemListElement\":[{\"@type\":\"ListItem\",\"position\":1,\"name\":\"Home\",\"item\":\"https:\/\/rgnetic.com\/de\/\"},{\"@type\":\"ListItem\",\"position\":2,\"name\":\"Finanzierung\"}]},{\"@type\":\"WebSite\",\"@id\":\"https:\/\/rgnetic.com\/de\/#website\",\"url\":\"https:\/\/rgnetic.com\/de\/\",\"name\":\"Rgnetic (DE)\",\"description\":\"Healthy &amp; Beauty\",\"publisher\":{\"@id\":\"https:\/\/rgnetic.com\/de\/#organization\"},\"potentialAction\":[{\"@type\":\"SearchAction\",\"target\":{\"@type\":\"EntryPoint\",\"urlTemplate\":\"https:\/\/rgnetic.com\/de\/?s={search_term_string}\"},\"query-input\":\"required name=search_term_string\"}],\"inLanguage\":\"de\"},{\"@type\":\"Organization\",\"@id\":\"https:\/\/rgnetic.com\/de\/#organization\",\"name\":\"Rgnetic (DE)\",\"url\":\"https:\/\/rgnetic.com\/de\/\",\"logo\":{\"@type\":\"ImageObject\",\"inLanguage\":\"de\",\"@id\":\"https:\/\/rgnetic.com\/de\/#\/schema\/logo\/image\/\",\"url\":\"https:\/\/rgnetic.com\/de\/wp-content\/uploads\/sites\/2\/2022\/10\/logo.png\",\"contentUrl\":\"https:\/\/rgnetic.com\/de\/wp-content\/uploads\/sites\/2\/2022\/10\/logo.png\",\"width\":552,\"height\":202,\"caption\":\"Rgnetic (DE)\"},\"image\":{\"@id\":\"https:\/\/rgnetic.com\/de\/#\/schema\/logo\/image\/\"},\"sameAs\":[\"https:\/\/www.instagram.com\/rgnetic\/\"]}]}<\/script>\n<!-- \/ Yoast SEO plugin. -->","yoast_head_json":{"title":"Finanzierung - Rgnetic (DE)","description":"Erm\u00f6glichen Sie sich Ihre Wunschbehandlung mit der flexiblen Ratenzahlung \u00fcber unser Partner. Finanzieren Sie Ihre OP-Kosten bequem und bleiben Sie finanziell flexibel. Erfahren Sie mehr!","robots":{"index":"index","follow":"follow","max-snippet":"max-snippet:-1","max-image-preview":"max-image-preview:large","max-video-preview":"max-video-preview:-1"},"canonical":"https:\/\/rgnetic.com\/de\/finanzierung\/","og_locale":"de_DE","og_type":"article","og_title":"Finanzierung - Rgnetic (DE)","og_description":"Erm\u00f6glichen Sie sich Ihre Wunschbehandlung mit der flexiblen Ratenzahlung \u00fcber unser Partner. Finanzieren Sie Ihre OP-Kosten bequem und bleiben Sie finanziell flexibel. Erfahren Sie mehr!","og_url":"https:\/\/rgnetic.com\/de\/finanzierung\/","og_site_name":"Rgnetic (DE)","article_modified_time":"2024-08-21T12:19:16+00:00","og_image":[{"url":"https:\/\/rgnetic.com\/de\/wp-content\/uploads\/sites\/2\/2022\/11\/Filing-system-pana-1.svg"}],"twitter_card":"summary_large_image","twitter_misc":{"Gesch\u00e4tzte Lesezeit":"2\u00a0Minuten"},"schema":{"@context":"https:\/\/schema.org","@graph":[{"@type":"WebPage","@id":"https:\/\/rgnetic.com\/de\/finanzierung\/","url":"https:\/\/rgnetic.com\/de\/finanzierung\/","name":"Finanzierung - Rgnetic (DE)","isPartOf":{"@id":"https:\/\/rgnetic.com\/de\/#website"},"primaryImageOfPage":{"@id":"https:\/\/rgnetic.com\/de\/finanzierung\/#primaryimage"},"image":{"@id":"https:\/\/rgnetic.com\/de\/finanzierung\/#primaryimage"},"thumbnailUrl":"https:\/\/rgnetic.com\/de\/wp-content\/uploads\/sites\/2\/2022\/11\/Filing-system-pana-1.svg","datePublished":"2022-11-15T07:56:41+00:00","dateModified":"2024-08-21T12:19:16+00:00","description":"Erm\u00f6glichen Sie sich Ihre Wunschbehandlung mit der flexiblen Ratenzahlung \u00fcber unser Partner. Finanzieren Sie Ihre OP-Kosten bequem und bleiben Sie finanziell flexibel. Erfahren Sie mehr!","breadcrumb":{"@id":"https:\/\/rgnetic.com\/de\/finanzierung\/#breadcrumb"},"inLanguage":"de","potentialAction":[{"@type":"ReadAction","target":["https:\/\/rgnetic.com\/de\/finanzierung\/"]}]},{"@type":"ImageObject","inLanguage":"de","@id":"https:\/\/rgnetic.com\/de\/finanzierung\/#primaryimage","url":"https:\/\/rgnetic.com\/de\/wp-content\/uploads\/sites\/2\/2022\/11\/Filing-system-pana-1.svg","contentUrl":"https:\/\/rgnetic.com\/de\/wp-content\/uploads\/sites\/2\/2022\/11\/Filing-system-pana-1.svg","width":402,"height":402},{"@type":"BreadcrumbList","@id":"https:\/\/rgnetic.com\/de\/finanzierung\/#breadcrumb","itemListElement":[{"@type":"ListItem","position":1,"name":"Home","item":"https:\/\/rgnetic.com\/de\/"},{"@type":"ListItem","position":2,"name":"Finanzierung"}]},{"@type":"WebSite","@id":"https:\/\/rgnetic.com\/de\/#website","url":"https:\/\/rgnetic.com\/de\/","name":"Rgnetic (DE)","description":"Healthy &amp; Beauty","publisher":{"@id":"https:\/\/rgnetic.com\/de\/#organization"},"potentialAction":[{"@type":"SearchAction","target":{"@type":"EntryPoint","urlTemplate":"https:\/\/rgnetic.com\/de\/?s={search_term_string}"},"query-input":"required name=search_term_string"}],"inLanguage":"de"},{"@type":"Organization","@id":"https:\/\/rgnetic.com\/de\/#organization","name":"Rgnetic (DE)","url":"https:\/\/rgnetic.com\/de\/","logo":{"@type":"ImageObject","inLanguage":"de","@id":"https:\/\/rgnetic.com\/de\/#\/schema\/logo\/image\/","url":"https:\/\/rgnetic.com\/de\/wp-content\/uploads\/sites\/2\/2022\/10\/logo.png","contentUrl":"https:\/\/rgnetic.com\/de\/wp-content\/uploads\/sites\/2\/2022\/10\/logo.png","width":552,"height":202,"caption":"Rgnetic (DE)"},"image":{"@id":"https:\/\/rgnetic.com\/de\/#\/schema\/logo\/image\/"},"sameAs":["https:\/\/www.instagram.com\/rgnetic\/"]}]}},"_links":{"self":[{"href":"https:\/\/rgnetic.com\/de\/wp-json\/wp\/v2\/pages\/1944","targetHints":{"allow":["GET"]}}],"collection":[{"href":"https:\/\/rgnetic.com\/de\/wp-json\/wp\/v2\/pages"}],"about":[{"href":"https:\/\/rgnetic.com\/de\/wp-json\/wp\/v2\/types\/page"}],"author":[{"embeddable":true,"href":"https:\/\/rgnetic.com\/de\/wp-json\/wp\/v2\/users\/2"}],"replies":[{"embeddable":true,"href":"https:\/\/rgnetic.com\/de\/wp-json\/wp\/v2\/comments?post=1944"}],"version-history":[{"count":16,"href":"https:\/\/rgnetic.com\/de\/wp-json\/wp\/v2\/pages\/1944\/revisions"}],"predecessor-version":[{"id":5192,"href":"https:\/\/rgnetic.com\/de\/wp-json\/wp\/v2\/pages\/1944\/revisions\/5192"}],"wp:attachment":[{"href":"https:\/\/rgnetic.com\/de\/wp-json\/wp\/v2\/media?parent=1944"}],"curies":[{"name":"wp","href":"https:\/\/api.w.org\/{rel}","templated":true}]}}